{"id":146011,"date":"2025-01-28T15:04:40","date_gmt":"2025-01-28T15:04:40","guid":{"rendered":"https:\/\/cekt.ro\/faq\/"},"modified":"2026-05-06T16:36:07","modified_gmt":"2026-05-06T16:36:07","slug":"faq","status":"publish","type":"page","link":"https:\/\/cekt.ro\/en\/faq\/","title":{"rendered":"FAQ"},"content":{"rendered":"<div class=\"wpb-content-wrapper\"><p>[vc_row row_height_percent=&#8221;0&#8243; override_padding=&#8221;yes&#8221; h_padding=&#8221;2&#8243; top_padding=&#8221;5&#8243; bottom_padding=&#8221;5&#8243; overlay_alpha=&#8221;50&#8243; gutter_size=&#8221;5&#8243; column_width_percent=&#8221;100&#8243; shift_y=&#8221;0&#8243; z_index=&#8221;0&#8243; enable_bottom_divider=&#8221;default&#8221; bottom_divider=&#8221;book&#8221; shape_bottom_h_use_pixel=&#8221;&#8221; shape_bottom_height=&#8221;220&#8243; shape_bottom_opacity=&#8221;100&#8243; shape_bottom_ratio=&#8221;yes&#8221; shape_bottom_safe=&#8221;yes&#8221; shape_bottom_index=&#8221;0&#8243; shape_bottom_responsive=&#8221;yes&#8221; content_parallax=&#8221;0&#8243; uncode_shortcode_id=&#8221;157840&#8243; shape_bottom_color_type=&#8221;uncode-solid&#8221; shape_bottom_color_solid=&#8221;#5d2b5c&#8221;][vc_column column_width_percent=&#8221;100&#8243; position_vertical=&#8221;middle&#8221; gutter_size=&#8221;3&#8243; font_family=&#8221;font-114434&#8243; overlay_alpha=&#8221;50&#8243; shift_x=&#8221;0&#8243; shift_y=&#8221;0&#8243; shift_y_down=&#8221;0&#8243; z_index=&#8221;0&#8243; medium_width=&#8221;4&#8243; mobile_width=&#8221;0&#8243; css_animation=&#8221;alpha-anim&#8221; animation_speed=&#8221;1000&#8243; animation_delay=&#8221;200&#8243; width=&#8221;1\/1&#8243; uncode_shortcode_id=&#8221;411987&#8243;][vc_custom_heading text_color=&#8221;color-xsdn&#8221; heading_semantic=&#8221;h6&#8243; text_font=&#8221;font-114434&#8243; text_size=&#8221;h6&#8243; text_weight=&#8221;700&#8243; text_transform=&#8221;uppercase&#8221; badge_style=&#8221;yes&#8221; back_color=&#8221;accent&#8221; radius=&#8221;xs&#8221; uncode_shortcode_id=&#8221;200310&#8243; text_color_type=&#8221;uncode-palette&#8221; back_color_type=&#8221;uncode-palette&#8221;]Faq[\/vc_custom_heading][vc_custom_heading heading_semantic=&#8221;h3&#8243; text_font=&#8221;font-114434&#8243; text_size=&#8221;fontsize-155944&#8243; text_weight=&#8221;700&#8243; uncode_shortcode_id=&#8221;118879&#8243; text_color_type=&#8221;uncode-solid&#8221; text_color_solid=&#8221;#5e2b5c&#8221;]Frequently Asked Questions[\/vc_custom_heading][vc_accordion typography=&#8221;advanced&#8221; sign=&#8221;none&#8221; sign_size=&#8221;md&#8221; content_border=&#8221;yes&#8221; gutter_simple=&#8221;1&#8243; active_bg_color=&#8221;color-xsdn&#8221; radius=&#8221;lg&#8221; shadow=&#8221;lg&#8221; titles_font=&#8221;font-114434&#8243; titles_size=&#8221;h2&#8243; titles_weight=&#8221;600&#8243; uncode_shortcode_id=&#8221;962183&#8243; active_bg_color_type=&#8221;uncode-palette&#8221;][vc_accordion_tab gutter_size=&#8221;2&#8243; column_padding=&#8221;0&#8243; title=&#8221;What is the school program?&#8221; tab_id=&#8221;1666002628-1-6216684390466391738076662623&#8243;][vc_column_text text_lead=&#8221;yes&#8221; uncode_shortcode_id=&#8221;180691&#8243;]School hours are from 8.30 to 14.30. Classes start at 9.00. We have short breaks between classes and a long lunch break. Here&#8217;s what a primary timetable looks like.[\/vc_column_text][\/vc_accordion_tab][vc_accordion_tab gutter_size=&#8221;2&#8243; column_padding=&#8221;0&#8243; title=&#8221;What facilities does the school have?&#8221; tab_id=&#8221;1666002628-2-5716684390466391738076662623&#8243;][vc_column_text text_lead=&#8221;yes&#8221; uncode_shortcode_id=&#8221;135580&#8243;]Spa\u021biul nostru este unul generos. Punem la dispozi\u021bie elevilor s\u0103li de clas\u0103 aerisite \u0219i foarte luminoase \u0219i spa\u021bii dedicate pentru ateliere, activit\u0103\u021bi de recreere \u0219i mi\u0219care. De asemenea, avem sal\u0103 de mese, vestiar, sal\u0103 de activit\u0103\u021bi indoor, bibliotec\u0103, curte \u00eenchis\u0103\/\u00eemprejmuit\u0103, cu teren de sport.<\/p>\n<p>\u00cen cur\u00e2nd: <strong>laborator de \u0219tiin\u021be<\/strong>.[\/vc_column_text][\/vc_accordion_tab][vc_accordion_tab gutter_size=&#8221;2&#8243; column_padding=&#8221;0&#8243; title=&#8221;What is included in the school fee?&#8221; tab_id=&#8221;c35acc00-dc00-116684390466391738076662623&#8243;][vc_column_text text_lead=&#8221;yes&#8221; uncode_shortcode_id=&#8221;137821&#8243;]The school fee includes participation in the appropriate school cycle program, textbooks and various other necessary educational materials.[\/vc_column_text][\/vc_accordion_tab][vc_accordion_tab gutter_size=&#8221;2&#8243; column_padding=&#8221;0&#8243; title=&#8221;How to pay school fees?&#8221; tab_id=&#8221;c35acc00-dc00-1166843904663901738076662623&#8243;][vc_column_text text_lead=&#8221;yes&#8221; uncode_shortcode_id=&#8221;167991&#8243;]Monthly, depending on the school cycle (primary, secondary, high school), for 12 months.<br \/>\nAnnually, in various forms of compensation or installments.[\/vc_column_text][\/vc_accordion_tab][vc_accordion_tab gutter_size=&#8221;2&#8243; column_padding=&#8221;0&#8243; title=&#8221;What other taxes are there?&#8221; tab_id=&#8221;c35acc00-dc00-11668439046639091738076662623&#8243;][vc_column_text text_lead=&#8221;yes&#8221; uncode_shortcode_id=&#8221;167441&#8243;]Taxa de rechizite &#8211; 250 EUR \/ copil \/ an.<br \/>\nTaxa de \u00eenscriere Cambridge &#8211; 300 EUR \/ familie \/ an.[\/vc_column_text][\/vc_accordion_tab][vc_accordion_tab gutter_size=&#8221;2&#8243; column_padding=&#8221;0&#8243; title=&#8221;Is lunch included?&#8221; tab_id=&#8221;c35acc00-dc00-116684390466390911738076662623&#8243;][vc_column_text text_lead=&#8221;yes&#8221; uncode_shortcode_id=&#8221;128273&#8243;]Lunch and snacks are not included in the school fees and the school does not currently provide catering services. Each child brings their own specially prepared food from home.[\/vc_column_text][\/vc_accordion_tab][vc_accordion_tab gutter_size=&#8221;2&#8243; column_padding=&#8221;0&#8243; title=&#8221;Pupil transportation&#8221; tab_id=&#8221;c35acc00-dc00-1166843904663909161738076662623&#8243;][vc_column_text text_lead=&#8221;yes&#8221; uncode_shortcode_id=&#8221;126788&#8243;]Momentan, \u0219coala noastr\u0103 nu ofer\u0103 servicii de transport elevi &#8211; la \u0219coal\u0103 \u0219i de la \u0219coal\u0103.[\/vc_column_text][\/vc_accordion_tab][vc_accordion_tab gutter_size=&#8221;2&#8243; column_padding=&#8221;0&#8243; title=&#8221;After-School Program&#8221; tab_id=&#8221;c35acc00-dc00-11668439046639091621738076662623&#8243;][vc_column_text text_lead=&#8221;yes&#8221; uncode_shortcode_id=&#8221;556003&#8243;]Momentan, \u0219coala nu ofer\u0103 servicii de after-school.[\/vc_column_text][\/vc_accordion_tab][\/vc_accordion][vc_button button_color=&#8221;color-209922&#8243; size=&#8221;btn-xl&#8221; wide=&#8221;yes&#8221; hover_fx=&#8221;outlined&#8221; text_skin=&#8221;yes&#8221; shadow=&#8221;yes&#8221; custom_typo=&#8221;yes&#8221; font_family=&#8221;font-114434&#8243; font_weight=&#8221;300&#8243; border_width=&#8221;0&#8243; link=&#8221;url:https%3A%2F%2Fcekt.ro%2Fen%2Fcontact%2F|&#8221; uncode_shortcode_id=&#8221;111123&#8243; button_color_type=&#8221;uncode-palette&#8221; icon=&#8221;fa fa-question-circle-o&#8221;]Ask something new \ud83d\ude43[\/vc_button][\/vc_column][\/vc_row]<\/p>\n<\/div>","protected":false},"excerpt":{"rendered":"<p>[vc_row row_height_percent=&#8221;0&#8243; override_padding=&#8221;yes&#8221; h_padding=&#8221;2&#8243; top_padding=&#8221;5&#8243; bottom_padding=&#8221;5&#8243; overlay_alpha=&#8221;50&#8243; gutter_size=&#8221;5&#8243; column_width_percent=&#8221;100&#8243; shift_y=&#8221;0&#8243; z_index=&#8221;0&#8243; enable_bottom_divider=&#8221;default&#8221; bottom_divider=&#8221;book&#8221; shape_bottom_h_use_pixel=&#8221;&#8221; shape_bottom_height=&#8221;220&#8243; shape_bottom_opacity=&#8221;100&#8243; shape_bottom_ratio=&#8221;yes&#8221; shape_bottom_safe=&#8221;yes&#8221; shape_bottom_index=&#8221;0&#8243; shape_bottom_responsive=&#8221;yes&#8221; [&hellip;]<\/p>\n","protected":false},"author":1,"featured_media":0,"parent":0,"menu_order":0,"comment_status":"closed","ping_status":"closed","template":"","meta":{"footnotes":"","_et_pb_custom_css":""},"class_list":["post-146011","page","type-page","status-publish","hentry"],"_et_pb_custom_css":"","yoast_head":"<!-- This site is optimized with the Yoast SEO plugin v26.7 - https:\/\/yoast.com\/wordpress\/plugins\/seo\/ -->\n<title>FAQ - Comunitatea Educa\u021bional\u0103 Knowledge Tree<\/title>\n<meta name=\"robots\" content=\"index, follow, max-snippet:-1, max-image-preview:large, max-video-preview:-1\" \/>\n<link rel=\"canonical\" href=\"https:\/\/cekt.ro\/en\/faq\/\" \/>\n<meta property=\"og:locale\" content=\"en_US\" \/>\n<meta property=\"og:type\" content=\"article\" \/>\n<meta property=\"og:title\" content=\"FAQ - Comunitatea Educa\u021bional\u0103 Knowledge Tree\" \/>\n<meta property=\"og:description\" content=\"[vc_row row_height_percent=&#8221;0&#8243; override_padding=&#8221;yes&#8221; h_padding=&#8221;2&#8243; top_padding=&#8221;5&#8243; bottom_padding=&#8221;5&#8243; overlay_alpha=&#8221;50&#8243; gutter_size=&#8221;5&#8243; column_width_percent=&#8221;100&#8243; shift_y=&#8221;0&#8243; z_index=&#8221;0&#8243; enable_bottom_divider=&#8221;default&#8221; bottom_divider=&#8221;book&#8221; shape_bottom_h_use_pixel=&#8221;&#8221; shape_bottom_height=&#8221;220&#8243; shape_bottom_opacity=&#8221;100&#8243; shape_bottom_ratio=&#8221;yes&#8221; shape_bottom_safe=&#8221;yes&#8221; shape_bottom_index=&#8221;0&#8243; shape_bottom_responsive=&#8221;yes&#8221; [&hellip;]\" \/>\n<meta property=\"og:url\" content=\"https:\/\/cekt.ro\/en\/faq\/\" \/>\n<meta property=\"og:site_name\" content=\"Comunitatea Educa\u021bional\u0103 Knowledge Tree\" \/>\n<meta property=\"article:publisher\" content=\"https:\/\/www.facebook.com\/CEKTBRASOV\/\" \/>\n<meta property=\"article:modified_time\" content=\"2026-05-06T16:36:07+00:00\" \/>\n<meta name=\"twitter:card\" content=\"summary_large_image\" \/>\n<meta name=\"twitter:label1\" content=\"Est. reading time\" \/>\n\t<meta name=\"twitter:data1\" content=\"4 minutes\" \/>\n<script type=\"application\/ld+json\" class=\"yoast-schema-graph\">{\"@context\":\"https:\/\/schema.org\",\"@graph\":[{\"@type\":\"WebPage\",\"@id\":\"https:\/\/cekt.ro\/en\/faq\/\",\"url\":\"https:\/\/cekt.ro\/en\/faq\/\",\"name\":\"FAQ - Comunitatea Educa\u021bional\u0103 Knowledge Tree\",\"isPartOf\":{\"@id\":\"https:\/\/cekt.ro\/en\/#website\"},\"datePublished\":\"2025-01-28T15:04:40+00:00\",\"dateModified\":\"2026-05-06T16:36:07+00:00\",\"breadcrumb\":{\"@id\":\"https:\/\/cekt.ro\/en\/faq\/#breadcrumb\"},\"inLanguage\":\"en-US\",\"potentialAction\":[{\"@type\":\"ReadAction\",\"target\":[\"https:\/\/cekt.ro\/en\/faq\/\"]}]},{\"@type\":\"BreadcrumbList\",\"@id\":\"https:\/\/cekt.ro\/en\/faq\/#breadcrumb\",\"itemListElement\":[{\"@type\":\"ListItem\",\"position\":1,\"name\":\"Home\",\"item\":\"https:\/\/cekt.ro\/en\/\"},{\"@type\":\"ListItem\",\"position\":2,\"name\":\"FAQ\"}]},{\"@type\":\"WebSite\",\"@id\":\"https:\/\/cekt.ro\/en\/#website\",\"url\":\"https:\/\/cekt.ro\/en\/\",\"name\":\"Comunitatea Educa\u021bional\u0103 Knowledge Tree - \u0218coal\u0103 alternativ\u0103 cu program\u0103 britanic\u0103 \u00een Bra\u0219ov\",\"description\":\"Alternativ\u0103 Educa\u021bional\u0103 Holistic\u0103\",\"publisher\":{\"@id\":\"https:\/\/cekt.ro\/en\/#organization\"},\"potentialAction\":[{\"@type\":\"SearchAction\",\"target\":{\"@type\":\"EntryPoint\",\"urlTemplate\":\"https:\/\/cekt.ro\/en\/?s={search_term_string}\"},\"query-input\":{\"@type\":\"PropertyValueSpecification\",\"valueRequired\":true,\"valueName\":\"search_term_string\"}}],\"inLanguage\":\"en-US\"},{\"@type\":\"Organization\",\"@id\":\"https:\/\/cekt.ro\/en\/#organization\",\"name\":\"Comunitatea Educa\u021bional\u0103 Knowledge Tree\",\"url\":\"https:\/\/cekt.ro\/en\/\",\"logo\":{\"@type\":\"ImageObject\",\"inLanguage\":\"en-US\",\"@id\":\"https:\/\/cekt.ro\/en\/#\/schema\/logo\/image\/\",\"url\":\"https:\/\/cekt.ro\/wp-content\/uploads\/2025\/04\/CEKT-CLEAN.webp\",\"contentUrl\":\"https:\/\/cekt.ro\/wp-content\/uploads\/2025\/04\/CEKT-CLEAN.webp\",\"width\":2446,\"height\":1889,\"caption\":\"Comunitatea Educa\u021bional\u0103 Knowledge Tree\"},\"image\":{\"@id\":\"https:\/\/cekt.ro\/en\/#\/schema\/logo\/image\/\"},\"sameAs\":[\"https:\/\/www.facebook.com\/CEKTBRASOV\/\",\"https:\/\/www.instagram.com\/cekt_brasov\",\"https:\/\/www.linkedin.com\/company\/cekt\/\",\"https:\/\/www.tiktok.com\/@monicacojan75\"]}]}<\/script>\n<!-- \/ Yoast SEO plugin. -->","yoast_head_json":{"title":"FAQ - Comunitatea Educa\u021bional\u0103 Knowledge Tree","robots":{"index":"index","follow":"follow","max-snippet":"max-snippet:-1","max-image-preview":"max-image-preview:large","max-video-preview":"max-video-preview:-1"},"canonical":"https:\/\/cekt.ro\/en\/faq\/","og_locale":"en_US","og_type":"article","og_title":"FAQ - Comunitatea Educa\u021bional\u0103 Knowledge Tree","og_description":"[vc_row row_height_percent=&#8221;0&#8243; override_padding=&#8221;yes&#8221; h_padding=&#8221;2&#8243; top_padding=&#8221;5&#8243; bottom_padding=&#8221;5&#8243; overlay_alpha=&#8221;50&#8243; gutter_size=&#8221;5&#8243; column_width_percent=&#8221;100&#8243; shift_y=&#8221;0&#8243; z_index=&#8221;0&#8243; enable_bottom_divider=&#8221;default&#8221; bottom_divider=&#8221;book&#8221; shape_bottom_h_use_pixel=&#8221;&#8221; shape_bottom_height=&#8221;220&#8243; shape_bottom_opacity=&#8221;100&#8243; shape_bottom_ratio=&#8221;yes&#8221; shape_bottom_safe=&#8221;yes&#8221; shape_bottom_index=&#8221;0&#8243; shape_bottom_responsive=&#8221;yes&#8221; [&hellip;]","og_url":"https:\/\/cekt.ro\/en\/faq\/","og_site_name":"Comunitatea Educa\u021bional\u0103 Knowledge Tree","article_publisher":"https:\/\/www.facebook.com\/CEKTBRASOV\/","article_modified_time":"2026-05-06T16:36:07+00:00","twitter_card":"summary_large_image","twitter_misc":{"Est. reading time":"4 minutes"},"schema":{"@context":"https:\/\/schema.org","@graph":[{"@type":"WebPage","@id":"https:\/\/cekt.ro\/en\/faq\/","url":"https:\/\/cekt.ro\/en\/faq\/","name":"FAQ - Comunitatea Educa\u021bional\u0103 Knowledge Tree","isPartOf":{"@id":"https:\/\/cekt.ro\/en\/#website"},"datePublished":"2025-01-28T15:04:40+00:00","dateModified":"2026-05-06T16:36:07+00:00","breadcrumb":{"@id":"https:\/\/cekt.ro\/en\/faq\/#breadcrumb"},"inLanguage":"en-US","potentialAction":[{"@type":"ReadAction","target":["https:\/\/cekt.ro\/en\/faq\/"]}]},{"@type":"BreadcrumbList","@id":"https:\/\/cekt.ro\/en\/faq\/#breadcrumb","itemListElement":[{"@type":"ListItem","position":1,"name":"Home","item":"https:\/\/cekt.ro\/en\/"},{"@type":"ListItem","position":2,"name":"FAQ"}]},{"@type":"WebSite","@id":"https:\/\/cekt.ro\/en\/#website","url":"https:\/\/cekt.ro\/en\/","name":"Comunitatea Educa\u021bional\u0103 Knowledge Tree - \u0218coal\u0103 alternativ\u0103 cu program\u0103 britanic\u0103 \u00een Bra\u0219ov","description":"Alternativ\u0103 Educa\u021bional\u0103 Holistic\u0103","publisher":{"@id":"https:\/\/cekt.ro\/en\/#organization"},"potentialAction":[{"@type":"SearchAction","target":{"@type":"EntryPoint","urlTemplate":"https:\/\/cekt.ro\/en\/?s={search_term_string}"},"query-input":{"@type":"PropertyValueSpecification","valueRequired":true,"valueName":"search_term_string"}}],"inLanguage":"en-US"},{"@type":"Organization","@id":"https:\/\/cekt.ro\/en\/#organization","name":"Comunitatea Educa\u021bional\u0103 Knowledge Tree","url":"https:\/\/cekt.ro\/en\/","logo":{"@type":"ImageObject","inLanguage":"en-US","@id":"https:\/\/cekt.ro\/en\/#\/schema\/logo\/image\/","url":"https:\/\/cekt.ro\/wp-content\/uploads\/2025\/04\/CEKT-CLEAN.webp","contentUrl":"https:\/\/cekt.ro\/wp-content\/uploads\/2025\/04\/CEKT-CLEAN.webp","width":2446,"height":1889,"caption":"Comunitatea Educa\u021bional\u0103 Knowledge Tree"},"image":{"@id":"https:\/\/cekt.ro\/en\/#\/schema\/logo\/image\/"},"sameAs":["https:\/\/www.facebook.com\/CEKTBRASOV\/","https:\/\/www.instagram.com\/cekt_brasov","https:\/\/www.linkedin.com\/company\/cekt\/","https:\/\/www.tiktok.com\/@monicacojan75"]}]}},"_links":{"self":[{"href":"https:\/\/cekt.ro\/en\/wp-json\/wp\/v2\/pages\/146011","targetHints":{"allow":["GET"]}}],"collection":[{"href":"https:\/\/cekt.ro\/en\/wp-json\/wp\/v2\/pages"}],"about":[{"href":"https:\/\/cekt.ro\/en\/wp-json\/wp\/v2\/types\/page"}],"author":[{"embeddable":true,"href":"https:\/\/cekt.ro\/en\/wp-json\/wp\/v2\/users\/1"}],"replies":[{"embeddable":true,"href":"https:\/\/cekt.ro\/en\/wp-json\/wp\/v2\/comments?post=146011"}],"version-history":[{"count":138,"href":"https:\/\/cekt.ro\/en\/wp-json\/wp\/v2\/pages\/146011\/revisions"}],"predecessor-version":[{"id":158863,"href":"https:\/\/cekt.ro\/en\/wp-json\/wp\/v2\/pages\/146011\/revisions\/158863"}],"wp:attachment":[{"href":"https:\/\/cekt.ro\/en\/wp-json\/wp\/v2\/media?parent=146011"}],"curies":[{"name":"wp","href":"https:\/\/api.w.org\/{rel}","templated":true}]}}