{"id":146027,"date":"2021-03-19T09:00:13","date_gmt":"2021-03-19T09:00:13","guid":{"rendered":"https:\/\/cekt.ro\/contact-cekt\/"},"modified":"2025-03-19T19:27:43","modified_gmt":"2025-03-19T19:27:43","slug":"contact","status":"publish","type":"page","link":"https:\/\/cekt.ro\/en\/contact\/","title":{"rendered":"Contact CEKT"},"content":{"rendered":"<div class=\"wpb-content-wrapper\"><p>[vc_row row_height_percent=&#8221;0&#8243; override_padding=&#8221;yes&#8221; h_padding=&#8221;2&#8243; top_padding=&#8221;7&#8243; bottom_padding=&#8221;7&#8243; back_color=&#8221;color-xsdn&#8221; overlay_alpha=&#8221;50&#8243; gutter_size=&#8221;3&#8243; column_width_percent=&#8221;100&#8243; shift_y=&#8221;0&#8243; z_index=&#8221;0&#8243;][vc_column width=&#8221;1\/1&#8243;][vc_custom_heading heading_semantic=&#8221;h1&#8243; text_size=&#8221;fontsize-338686&#8243; text_weight=&#8221;300&#8243; uncode_shortcode_id=&#8221;155794&#8243;]<strong>Be part of our community!<\/strong>[\/vc_custom_heading][vc_custom_heading text_color=&#8221;color-wvjs&#8221; text_size=&#8221;h3&#8243; text_weight=&#8221;300&#8243; text_height=&#8221;fontheight-357766&#8243; uncode_shortcode_id=&#8221;144561&#8243; text_color_type=&#8221;uncode-palette&#8221;]Contact us for more information about our educational programs or to schedule a visit to the CEKT campus in Brasov. We are here to answer all your questions and guide you through the application process.[\/vc_custom_heading][vc_single_image media=&#8221;145706&#8243; media_poster=&#8221;yes&#8221; media_width_percent=&#8221;66&#8243; alignment=&#8221;center&#8221; uncode_shortcode_id=&#8221;100841&#8243;][\/vc_column][\/vc_row][vc_row unlock_row_content=&#8221;yes&#8221; row_height_percent=&#8221;0&#8243; override_padding=&#8221;yes&#8221; h_padding=&#8221;3&#8243; top_padding=&#8221;3&#8243; bottom_padding=&#8221;3&#8243; overlay_alpha=&#8221;50&#8243; gutter_size=&#8221;3&#8243; column_width_percent=&#8221;100&#8243; shift_y=&#8221;0&#8243; z_index=&#8221;0&#8243; content_parallax=&#8221;0&#8243; uncode_shortcode_id=&#8221;111238&#8243;][vc_column column_width_percent=&#8221;100&#8243; gutter_size=&#8221;3&#8243; override_padding=&#8221;yes&#8221; column_padding=&#8221;5&#8243; back_color=&#8221;accent&#8221; overlay_alpha=&#8221;100&#8243; radius=&#8221;hg&#8221; shift_x=&#8221;0&#8243; shift_y=&#8221;0&#8243; shift_y_down=&#8221;0&#8243; z_index=&#8221;0&#8243; medium_width=&#8221;0&#8243; mobile_width=&#8221;0&#8243; width=&#8221;1\/1&#8243; uncode_shortcode_id=&#8221;476397&#8243; back_color_type=&#8221;uncode-palette&#8221;][vc_row_inner row_inner_height_percent=&#8221;0&#8243; overlay_alpha=&#8221;50&#8243; gutter_size=&#8221;2&#8243; shift_y=&#8221;0&#8243; z_index=&#8221;0&#8243; limit_content=&#8221;&#8221; uncode_shortcode_id=&#8221;209343&#8243;][vc_column_inner column_width_percent=&#8221;100&#8243; gutter_size=&#8221;4&#8243; style=&#8221;dark&#8221; overlay_alpha=&#8221;50&#8243; shift_x=&#8221;0&#8243; shift_y=&#8221;0&#8243; shift_y_down=&#8221;0&#8243; z_index=&#8221;0&#8243; medium_width=&#8221;0&#8243; mobile_width=&#8221;0&#8243; css_animation=&#8221;alpha-anim&#8221; animation_speed=&#8221;1600&#8243; width=&#8221;3\/12&#8243; uncode_shortcode_id=&#8221;274020&#8243;][vc_single_image media=&#8221;145763&#8243; media_width_percent=&#8221;66&#8243; alignment=&#8221;center&#8221; shape=&#8221;img-round&#8221; radius=&#8221;xs&#8221; shadow=&#8221;yes&#8221; uncode_shortcode_id=&#8221;108581&#8243;][vc_raw_html]PHNjcmlwdCBzcmM9Imh0dHBzOi8vd2lkZ2V0LnNlbmphLmlvL3dpZGdldC81OTg2YzU4Yi01Y2RjLTQwZWYtYTVmZS01OTZjZmE5N2RmMWEvcGxhdGZvcm0uanMiIHR5cGU9InRleHQvamF2YXNjcmlwdCIgYXN5bmM9IiI+PC9zY3JpcHQ+CjxkaXYgY2xhc3M9InNlbmphLWVtYmVkIiBkYXRhLWlkPSI1OTg2YzU4Yi01Y2RjLTQwZWYtYTVmZS01OTZjZmE5N2RmMWEiIGRhdGEtbW9kZT0ic2hhZG93IiBkYXRhLWxhenlsb2FkPSJmYWxzZSIgc3R5bGU9ImRpc3BsYXk6IGJsb2NrOyI+PC9kaXY+[\/vc_raw_html][\/vc_column_inner][vc_column_inner column_width_percent=&#8221;100&#8243; position_vertical=&#8221;justify&#8221; gutter_size=&#8221;3&#8243; overlay_alpha=&#8221;50&#8243; shift_x=&#8221;0&#8243; shift_y=&#8221;0&#8243; shift_y_down=&#8221;0&#8243; z_index=&#8221;0&#8243; medium_width=&#8221;0&#8243; mobile_width=&#8221;0&#8243; width=&#8221;9\/12&#8243; uncode_shortcode_id=&#8221;138846&#8243;][vc_custom_heading text_color=&#8221;color-521973&#8243; heading_semantic=&#8221;h1&#8243; text_font=&#8221;font-114434&#8243; text_size=&#8221;h1&#8243; sub_lead=&#8221;yes&#8221; uncode_shortcode_id=&#8221;122603&#8243; text_color_type=&#8221;uncode-palette&#8221;]<\/p>\n<div class=\"ahS2Le\">\n<div class=\"F9yp7e ikZYwf LgNcQe\" dir=\"auto\" role=\"heading\" aria-level=\"1\">CEKT Open Days: Come meet us!<\/div>\n<\/div>\n<p>[\/vc_custom_heading][vc_column_text text_lead=&#8221;yes&#8221; text_color=&#8221;color-xsdn&#8221; uncode_shortcode_id=&#8221;456058&#8243; text_color_type=&#8221;uncode-palette&#8221;]<\/p>\n<p data-start=\"52\" data-end=\"82\">\ud83d\udcc5 You can choose to visit us:<\/p>\n<ul>\n<li data-start=\"84\" data-end=\"156\">During school hours: 12:30 \u2013 13:30<\/li>\n<li data-start=\"84\" data-end=\"156\">After school hours: 17:30 \u2013 18:30<\/li>\n<\/ul>\n<p data-start=\"158\" data-end=\"273\">The available dates for <em>Open Doors<\/em> are displayed below. You can select the day and time slot that suits you best.<\/p>\n<p data-start=\"275\" data-end=\"574\">These meetings are an excellent opportunity for you to discover <em>our values, mission, and vision<\/em> in the medium and long term, as well as <em>our learning environment, available resources, and dedicated team<\/em>. You will also be able to ask questions and receive information about our educational programs.<\/p>\n<p data-start=\"576\" data-end=\"691\" data-is-last-node=\"\" data-is-only-node=\"\">After selecting the day and time, please complete the short questionnaire to confirm your attendance at our center.<\/p>\n<p>[\/vc_column_text][vc_raw_html]PCEtLSBDYWxlbmRseSBpbmxpbmUgd2lkZ2V0IGJlZ2luIC0tPgo8ZGl2IGNsYXNzPSJjYWxlbmRseS1pbmxpbmUtd2lkZ2V0IiBkYXRhLXVybD0iaHR0cHM6Ly9jYWxlbmRseS5jb20vY2VrdC9vcGVuP2hpZGVfZ2Rwcl9iYW5uZXI9MSZhbXA7YmFja2dyb3VuZF9jb2xvcj01NjJlNWEmYW1wO3RleHRfY29sb3I9ZmZmZmZmJmFtcDtwcmltYXJ5X2NvbG9yPWZlZGQwMyIgc3R5bGU9Im1pbi13aWR0aDozMjBweDtoZWlnaHQ6NzAwcHg7Ij48L2Rpdj4KPHNjcmlwdCB0eXBlPSJ0ZXh0L2phdmFzY3JpcHQiIHNyYz0iaHR0cHM6Ly9hc3NldHMuY2FsZW5kbHkuY29tL2Fzc2V0cy9leHRlcm5hbC93aWRnZXQuanMiIGFzeW5jPSIiPjwvc2NyaXB0Pgo8IS0tIENhbGVuZGx5IGlubGluZSB3aWRnZXQgZW5kIC0tPg==[\/vc_raw_html][\/vc_column_inner][\/vc_row_inner][\/vc_column][\/vc_row][vc_row row_height_percent=&#8221;55&#8243; back_color=&#8221;color-wayh&#8221; back_image=&#8221;145444&#8243; back_attachment=&#8221;fixed&#8221; back_position=&#8221;center center&#8221; overlay_alpha=&#8221;50&#8243; gutter_size=&#8221;3&#8243; column_width_percent=&#8221;100&#8243; shift_y=&#8221;0&#8243; z_index=&#8221;0&#8243; content_parallax=&#8221;0&#8243; uncode_shortcode_id=&#8221;203134&#8243; back_color_type=&#8221;uncode-palette&#8221;][vc_column column_width_percent=&#8221;100&#8243; position_vertical=&#8221;middle&#8221; gutter_size=&#8221;3&#8243; overlay_alpha=&#8221;50&#8243; shift_x=&#8221;0&#8243; shift_y=&#8221;0&#8243; shift_y_down=&#8221;0&#8243; z_index=&#8221;0&#8243; medium_width=&#8221;0&#8243; mobile_width=&#8221;0&#8243; width=&#8221;1\/1&#8243; uncode_shortcode_id=&#8221;535098&#8243; mobile_height=&#8221;380&#8243;][\/vc_column][\/vc_row][vc_row unlock_row_content=&#8221;yes&#8221; row_height_percent=&#8221;0&#8243; override_padding=&#8221;yes&#8221; h_padding=&#8221;0&#8243; top_padding=&#8221;0&#8243; bottom_padding=&#8221;0&#8243; back_color=&#8221;accent&#8221; overlay_alpha=&#8221;50&#8243; equal_height=&#8221;yes&#8221; gutter_size=&#8221;0&#8243; column_width_percent=&#8221;100&#8243; shift_y=&#8221;0&#8243; z_index=&#8221;0&#8243; bottom_divider=&#8221;gradient&#8221;][vc_column column_width_use_pixel=&#8221;yes&#8221; position_horizontal=&#8221;right&#8221; gutter_size=&#8221;3&#8243; override_padding=&#8221;yes&#8221; column_padding=&#8221;5&#8243; style=&#8221;dark&#8221; back_color=&#8221;color-289206&#8243; overlay_alpha=&#8221;50&#8243; shift_x=&#8221;0&#8243; shift_y=&#8221;0&#8243; shift_y_down=&#8221;0&#8243; z_index=&#8221;0&#8243; medium_width=&#8221;0&#8243; mobile_width=&#8221;0&#8243; width=&#8221;1\/2&#8243; column_width_pixel=&#8221;420&#8243;][vc_custom_heading heading_semantic=&#8221;h1&#8243; text_size=&#8221;h1&#8243; text_weight=&#8221;700&#8243; uncode_shortcode_id=&#8221;836276&#8243;]<\/p>\n<h3>CEKT Campus Bra\u0219ov<\/h3>\n<p>[\/vc_custom_heading][vc_separator sep_color=&#8221;,Default&#8221;][vc_custom_heading heading_semantic=&#8221;h3&#8243; text_size=&#8221;h3&#8243; text_weight=&#8221;300&#8243; sub_lead=&#8221;yes&#8221; sub_reduced=&#8221;yes&#8221; subheading=&#8221;Bucegi 1B, Bra\u0219ov, 500053, Romania<br \/>\nProgram : 08.30 &#8211; 14.30 | Secretariat : 14.00 &#8211; 16.00&#8243; uncode_shortcode_id=&#8221;184526&#8243; text_color_type=&#8221;uncode-palette&#8221; text_color_solid=&#8221;#ff0000&#8243;]<strong>Brasov<\/strong>[\/vc_custom_heading][vc_separator sep_color=&#8221;,Default&#8221;][vc_custom_heading heading_semantic=&#8221;h3&#8243; text_size=&#8221;h3&#8243; text_weight=&#8221;300&#8243; sub_lead=&#8221;yes&#8221; sub_reduced=&#8221;yes&#8221; uncode_shortcode_id=&#8221;265999&#8243;]<strong>Contact<\/strong><\/p>\n<p><a href=\"https:\/\/wa.me\/+40720553399\" target=\"_blank\" rel=\"noopener\">+40 (720) 553 399<\/a><br \/>\n<a href=\"mailto:contact@cekt.ro\">contact@cekt.ro<\/a>[\/vc_custom_heading][vc_single_image media=&#8221;145666&#8243; media_width_use_pixel=&#8221;yes&#8221; uncode_shortcode_id=&#8221;180185&#8243; media_link=&#8221;url:https%3A%2F%2Fwa.me%2F%2B40720553399%3Ftext%3Dv%C4%83%2520scriu%2520de%2520pe%2520cekt.ro|title:Scrie-i%20Monic%C4%83i%20pe%20WhatsApp|target:_blank|rel:nofollow&#8221; media_width_pixel=&#8221;220&#8243;][vc_button button_color=&#8221;color-209922&#8243; size=&#8221;btn-lg&#8221; radius=&#8221;btn-round&#8221; border_animation=&#8221;btn-ripple-out&#8221; hover_fx=&#8221;outlined&#8221; text_skin=&#8221;yes&#8221; shadow=&#8221;yes&#8221; shadow_weight=&#8221;sm&#8221; custom_typo=&#8221;yes&#8221; font_family=&#8221;font-377884&#8243; font_weight=&#8221;400&#8243; border_width=&#8221;0&#8243; css_animation=&#8221;bottom-t-top&#8221; animation_speed=&#8221;300&#8243; link=&#8221;url:https%3A%2F%2Ful.waze.com%2Ful%3Fplace%3DChIJFetMIwBbs0ARk5l4sNlAoOc%26ll%3D45.66151590%252C25.54468960%26navigate%3Dyes%26utm_campaign%3Ddefault%26utm_source%3Dwaze_website%26utm_medium%3Dlm_share_location|target:_blank|&#8221; button_color_type=&#8221;uncode-palette&#8221; uncode_shortcode_id=&#8221;121483&#8243; icon=&#8221;fa fa-waze&#8221;]Navigate with Waze[\/vc_button][\/vc_column][vc_column column_width_use_pixel=&#8221;yes&#8221; position_horizontal=&#8221;left&#8221; gutter_size=&#8221;3&#8243; override_padding=&#8221;yes&#8221; column_padding=&#8221;5&#8243; back_color=&#8221;color-xsdn&#8221; overlay_alpha=&#8221;50&#8243; shift_x=&#8221;0&#8243; shift_y=&#8221;0&#8243; shift_y_down=&#8221;0&#8243; z_index=&#8221;0&#8243; medium_width=&#8221;0&#8243; mobile_width=&#8221;0&#8243; width=&#8221;1\/2&#8243; column_width_pixel=&#8221;420&#8243;][vc_custom_heading heading_semantic=&#8221;h3&#8243; text_size=&#8221;h1&#8243; text_weight=&#8221;300&#8243; uncode_shortcode_id=&#8221;883968&#8243;]For those who need a form \ud83d\ude48[\/vc_custom_heading][vc_separator sep_color=&#8221;,Default&#8221;][vc_raw_html]PGlmcmFtZSBkYXRhLXRhbGx5LXNyYz0iaHR0cHM6Ly90YWxseS5zby9lbWJlZC9uV0tEcko\/YWxpZ25MZWZ0PTEmYW1wO2hpZGVUaXRsZT0xJmFtcDt0cmFuc3BhcmVudEJhY2tncm91bmQ9MSZhbXA7ZHluYW1pY0hlaWdodD0xIiBsb2FkaW5nPSJsYXp5IiB3aWR0aD0iMTAwJSIgaGVpZ2h0PSIyMDAiIGZyYW1lYm9yZGVyPSIwIiBtYXJnaW5oZWlnaHQ9IjAiIG1hcmdpbndpZHRoPSIwIiB0aXRsZT0iRm9yIHRob3NlIHdobyBuZWVkIGEgZm9ybSDwn6StICAiPjwvaWZyYW1lPgo8c2NyaXB0PnZhciBkPWRvY3VtZW50LHc9Imh0dHBzOi8vdGFsbHkuc28vd2lkZ2V0cy9lbWJlZC5qcyIsdj1mdW5jdGlvbigpeyJ1bmRlZmluZWQiIT10eXBlb2YgVGFsbHk\/VGFsbHkubG9hZEVtYmVkcygpOmQucXVlcnlTZWxlY3RvckFsbCgiaWZyYW1lW2RhdGEtdGFsbHktc3JjXTpub3QoW3NyY10pIikuZm9yRWFjaCgoZnVuY3Rpb24oZSl7ZS5zcmM9ZS5kYXRhc2V0LnRhbGx5U3JjfSkpfTtpZigidW5kZWZpbmVkIiE9dHlwZW9mIFRhbGx5KXYoKTtlbHNlIGlmKGQucXVlcnlTZWxlY3Rvcignc2NyaXB0W3NyYz0iJyt3KyciXScpPT1udWxsKXt2YXIgcz1kLmNyZWF0ZUVsZW1lbnQoInNjcmlwdCIpO3Muc3JjPXcscy5vbmxvYWQ9dixzLm9uZXJyb3I9dixkLmJvZHkuYXBwZW5kQ2hpbGQocyk7fTwvc2NyaXB0Pg==[\/vc_raw_html][\/vc_column][\/vc_row]<\/p>\n<\/div>","protected":false},"excerpt":{"rendered":"<p>[vc_row row_height_percent=&#8221;0&#8243; override_padding=&#8221;yes&#8221; h_padding=&#8221;2&#8243; top_padding=&#8221;7&#8243; bottom_padding=&#8221;7&#8243; back_color=&#8221;color-xsdn&#8221; overlay_alpha=&#8221;50&#8243; gutter_size=&#8221;3&#8243; column_width_percent=&#8221;100&#8243; shift_y=&#8221;0&#8243; z_index=&#8221;0&#8243;][vc_column width=&#8221;1\/1&#8243;][vc_custom_heading heading_semantic=&#8221;h1&#8243; text_size=&#8221;fontsize-338686&#8243; text_weight=&#8221;300&#8243; uncode_shortcode_id=&#8221;155794&#8243;]Be part of our [&hellip;]<\/p>\n","protected":false},"author":1,"featured_media":0,"parent":0,"menu_order":0,"comment_status":"closed","ping_status":"closed","template":"","meta":{"footnotes":"","_et_pb_custom_css":""},"class_list":["post-146027","page","type-page","status-publish","hentry"],"_et_pb_custom_css":"","yoast_head":"<!-- This site is optimized with the Yoast SEO plugin v26.7 - https:\/\/yoast.com\/wordpress\/plugins\/seo\/ -->\n<title>Contact CEKT - Comunitatea Educa\u021bional\u0103 Knowledge Tree<\/title>\n<meta name=\"robots\" content=\"index, follow, max-snippet:-1, max-image-preview:large, max-video-preview:-1\" \/>\n<link rel=\"canonical\" href=\"https:\/\/cekt.ro\/en\/contact\/\" \/>\n<meta property=\"og:locale\" content=\"en_US\" \/>\n<meta property=\"og:type\" content=\"article\" \/>\n<meta property=\"og:title\" content=\"Contact CEKT - Comunitatea Educa\u021bional\u0103 Knowledge Tree\" \/>\n<meta property=\"og:description\" content=\"[vc_row row_height_percent=&#8221;0&#8243; override_padding=&#8221;yes&#8221; h_padding=&#8221;2&#8243; top_padding=&#8221;7&#8243; bottom_padding=&#8221;7&#8243; back_color=&#8221;color-xsdn&#8221; overlay_alpha=&#8221;50&#8243; gutter_size=&#8221;3&#8243; column_width_percent=&#8221;100&#8243; shift_y=&#8221;0&#8243; z_index=&#8221;0&#8243;][vc_column width=&#8221;1\/1&#8243;][vc_custom_heading heading_semantic=&#8221;h1&#8243; text_size=&#8221;fontsize-338686&#8243; text_weight=&#8221;300&#8243; uncode_shortcode_id=&#8221;155794&#8243;]Be part of our [&hellip;]\" \/>\n<meta property=\"og:url\" content=\"https:\/\/cekt.ro\/en\/contact\/\" \/>\n<meta property=\"og:site_name\" content=\"Comunitatea Educa\u021bional\u0103 Knowledge Tree\" \/>\n<meta property=\"article:publisher\" content=\"https:\/\/www.facebook.com\/CEKTBRASOV\/\" \/>\n<meta property=\"article:modified_time\" content=\"2025-03-19T19:27:43+00:00\" \/>\n<meta property=\"og:image\" content=\"https:\/\/cekt.ro\/wp-content\/uploads\/2025\/02\/cekt.ro_.jpg\" \/>\n\t<meta property=\"og:image:width\" content=\"1920\" \/>\n\t<meta property=\"og:image:height\" content=\"1080\" \/>\n\t<meta property=\"og:image:type\" content=\"image\/jpeg\" \/>\n<meta name=\"twitter:card\" content=\"summary_large_image\" \/>\n<meta name=\"twitter:label1\" content=\"Est. reading time\" \/>\n\t<meta name=\"twitter:data1\" content=\"6 minutes\" \/>\n<script type=\"application\/ld+json\" class=\"yoast-schema-graph\">{\"@context\":\"https:\/\/schema.org\",\"@graph\":[{\"@type\":\"WebPage\",\"@id\":\"https:\/\/cekt.ro\/en\/contact\/\",\"url\":\"https:\/\/cekt.ro\/en\/contact\/\",\"name\":\"Contact CEKT - Comunitatea Educa\u021bional\u0103 Knowledge Tree\",\"isPartOf\":{\"@id\":\"https:\/\/cekt.ro\/en\/#website\"},\"datePublished\":\"2021-03-19T09:00:13+00:00\",\"dateModified\":\"2025-03-19T19:27:43+00:00\",\"breadcrumb\":{\"@id\":\"https:\/\/cekt.ro\/en\/contact\/#breadcrumb\"},\"inLanguage\":\"en-US\",\"potentialAction\":[{\"@type\":\"ReadAction\",\"target\":[\"https:\/\/cekt.ro\/en\/contact\/\"]}]},{\"@type\":\"BreadcrumbList\",\"@id\":\"https:\/\/cekt.ro\/en\/contact\/#breadcrumb\",\"itemListElement\":[{\"@type\":\"ListItem\",\"position\":1,\"name\":\"Home\",\"item\":\"https:\/\/cekt.ro\/en\/\"},{\"@type\":\"ListItem\",\"position\":2,\"name\":\"Contact CEKT\"}]},{\"@type\":\"WebSite\",\"@id\":\"https:\/\/cekt.ro\/en\/#website\",\"url\":\"https:\/\/cekt.ro\/en\/\",\"name\":\"Comunitatea Educa\u021bional\u0103 Knowledge Tree - \u0218coal\u0103 alternativ\u0103 cu program\u0103 britanic\u0103 \u00een Bra\u0219ov\",\"description\":\"Alternativ\u0103 Educa\u021bional\u0103 Holistic\u0103\",\"publisher\":{\"@id\":\"https:\/\/cekt.ro\/en\/#organization\"},\"potentialAction\":[{\"@type\":\"SearchAction\",\"target\":{\"@type\":\"EntryPoint\",\"urlTemplate\":\"https:\/\/cekt.ro\/en\/?s={search_term_string}\"},\"query-input\":{\"@type\":\"PropertyValueSpecification\",\"valueRequired\":true,\"valueName\":\"search_term_string\"}}],\"inLanguage\":\"en-US\"},{\"@type\":\"Organization\",\"@id\":\"https:\/\/cekt.ro\/en\/#organization\",\"name\":\"Comunitatea Educa\u021bional\u0103 Knowledge Tree\",\"url\":\"https:\/\/cekt.ro\/en\/\",\"logo\":{\"@type\":\"ImageObject\",\"inLanguage\":\"en-US\",\"@id\":\"https:\/\/cekt.ro\/en\/#\/schema\/logo\/image\/\",\"url\":\"https:\/\/cekt.ro\/wp-content\/uploads\/2025\/04\/CEKT-CLEAN.webp\",\"contentUrl\":\"https:\/\/cekt.ro\/wp-content\/uploads\/2025\/04\/CEKT-CLEAN.webp\",\"width\":2446,\"height\":1889,\"caption\":\"Comunitatea Educa\u021bional\u0103 Knowledge Tree\"},\"image\":{\"@id\":\"https:\/\/cekt.ro\/en\/#\/schema\/logo\/image\/\"},\"sameAs\":[\"https:\/\/www.facebook.com\/CEKTBRASOV\/\",\"https:\/\/www.instagram.com\/cekt_brasov\",\"https:\/\/www.linkedin.com\/company\/cekt\/\",\"https:\/\/www.tiktok.com\/@monicacojan75\"]}]}<\/script>\n<!-- \/ Yoast SEO plugin. -->","yoast_head_json":{"title":"Contact CEKT - Comunitatea Educa\u021bional\u0103 Knowledge Tree","robots":{"index":"index","follow":"follow","max-snippet":"max-snippet:-1","max-image-preview":"max-image-preview:large","max-video-preview":"max-video-preview:-1"},"canonical":"https:\/\/cekt.ro\/en\/contact\/","og_locale":"en_US","og_type":"article","og_title":"Contact CEKT - Comunitatea Educa\u021bional\u0103 Knowledge Tree","og_description":"[vc_row row_height_percent=&#8221;0&#8243; override_padding=&#8221;yes&#8221; h_padding=&#8221;2&#8243; top_padding=&#8221;7&#8243; bottom_padding=&#8221;7&#8243; back_color=&#8221;color-xsdn&#8221; overlay_alpha=&#8221;50&#8243; gutter_size=&#8221;3&#8243; column_width_percent=&#8221;100&#8243; shift_y=&#8221;0&#8243; z_index=&#8221;0&#8243;][vc_column width=&#8221;1\/1&#8243;][vc_custom_heading heading_semantic=&#8221;h1&#8243; text_size=&#8221;fontsize-338686&#8243; text_weight=&#8221;300&#8243; uncode_shortcode_id=&#8221;155794&#8243;]Be part of our [&hellip;]","og_url":"https:\/\/cekt.ro\/en\/contact\/","og_site_name":"Comunitatea Educa\u021bional\u0103 Knowledge Tree","article_publisher":"https:\/\/www.facebook.com\/CEKTBRASOV\/","article_modified_time":"2025-03-19T19:27:43+00:00","og_image":[{"width":1920,"height":1080,"url":"https:\/\/cekt.ro\/wp-content\/uploads\/2025\/02\/cekt.ro_.jpg","type":"image\/jpeg"}],"twitter_card":"summary_large_image","twitter_misc":{"Est. reading time":"6 minutes"},"schema":{"@context":"https:\/\/schema.org","@graph":[{"@type":"WebPage","@id":"https:\/\/cekt.ro\/en\/contact\/","url":"https:\/\/cekt.ro\/en\/contact\/","name":"Contact CEKT - Comunitatea Educa\u021bional\u0103 Knowledge Tree","isPartOf":{"@id":"https:\/\/cekt.ro\/en\/#website"},"datePublished":"2021-03-19T09:00:13+00:00","dateModified":"2025-03-19T19:27:43+00:00","breadcrumb":{"@id":"https:\/\/cekt.ro\/en\/contact\/#breadcrumb"},"inLanguage":"en-US","potentialAction":[{"@type":"ReadAction","target":["https:\/\/cekt.ro\/en\/contact\/"]}]},{"@type":"BreadcrumbList","@id":"https:\/\/cekt.ro\/en\/contact\/#breadcrumb","itemListElement":[{"@type":"ListItem","position":1,"name":"Home","item":"https:\/\/cekt.ro\/en\/"},{"@type":"ListItem","position":2,"name":"Contact CEKT"}]},{"@type":"WebSite","@id":"https:\/\/cekt.ro\/en\/#website","url":"https:\/\/cekt.ro\/en\/","name":"Comunitatea Educa\u021bional\u0103 Knowledge Tree - \u0218coal\u0103 alternativ\u0103 cu program\u0103 britanic\u0103 \u00een Bra\u0219ov","description":"Alternativ\u0103 Educa\u021bional\u0103 Holistic\u0103","publisher":{"@id":"https:\/\/cekt.ro\/en\/#organization"},"potentialAction":[{"@type":"SearchAction","target":{"@type":"EntryPoint","urlTemplate":"https:\/\/cekt.ro\/en\/?s={search_term_string}"},"query-input":{"@type":"PropertyValueSpecification","valueRequired":true,"valueName":"search_term_string"}}],"inLanguage":"en-US"},{"@type":"Organization","@id":"https:\/\/cekt.ro\/en\/#organization","name":"Comunitatea Educa\u021bional\u0103 Knowledge Tree","url":"https:\/\/cekt.ro\/en\/","logo":{"@type":"ImageObject","inLanguage":"en-US","@id":"https:\/\/cekt.ro\/en\/#\/schema\/logo\/image\/","url":"https:\/\/cekt.ro\/wp-content\/uploads\/2025\/04\/CEKT-CLEAN.webp","contentUrl":"https:\/\/cekt.ro\/wp-content\/uploads\/2025\/04\/CEKT-CLEAN.webp","width":2446,"height":1889,"caption":"Comunitatea Educa\u021bional\u0103 Knowledge Tree"},"image":{"@id":"https:\/\/cekt.ro\/en\/#\/schema\/logo\/image\/"},"sameAs":["https:\/\/www.facebook.com\/CEKTBRASOV\/","https:\/\/www.instagram.com\/cekt_brasov","https:\/\/www.linkedin.com\/company\/cekt\/","https:\/\/www.tiktok.com\/@monicacojan75"]}]}},"_links":{"self":[{"href":"https:\/\/cekt.ro\/en\/wp-json\/wp\/v2\/pages\/146027","targetHints":{"allow":["GET"]}}],"collection":[{"href":"https:\/\/cekt.ro\/en\/wp-json\/wp\/v2\/pages"}],"about":[{"href":"https:\/\/cekt.ro\/en\/wp-json\/wp\/v2\/types\/page"}],"author":[{"embeddable":true,"href":"https:\/\/cekt.ro\/en\/wp-json\/wp\/v2\/users\/1"}],"replies":[{"embeddable":true,"href":"https:\/\/cekt.ro\/en\/wp-json\/wp\/v2\/comments?post=146027"}],"version-history":[{"count":13,"href":"https:\/\/cekt.ro\/en\/wp-json\/wp\/v2\/pages\/146027\/revisions"}],"predecessor-version":[{"id":146276,"href":"https:\/\/cekt.ro\/en\/wp-json\/wp\/v2\/pages\/146027\/revisions\/146276"}],"wp:attachment":[{"href":"https:\/\/cekt.ro\/en\/wp-json\/wp\/v2\/media?parent=146027"}],"curies":[{"name":"wp","href":"https:\/\/api.w.org\/{rel}","templated":true}]}}