{"id":146148,"date":"2025-02-14T10:21:32","date_gmt":"2025-02-14T10:21:32","guid":{"rendered":"https:\/\/cekt.ro\/support-cekt\/"},"modified":"2026-04-07T06:13:06","modified_gmt":"2026-04-07T06:13:06","slug":"support-cekt","status":"publish","type":"page","link":"https:\/\/cekt.ro\/en\/support-cekt\/","title":{"rendered":"Support CEKT"},"content":{"rendered":"<div class=\"wpb-content-wrapper\"><p>[vc_row row_height_percent=&#8221;85&#8243; override_padding=&#8221;yes&#8221; h_padding=&#8221;2&#8243; top_padding=&#8221;5&#8243; bottom_padding=&#8221;5&#8243; back_color=&#8221;color-wayh&#8221; back_image=&#8221;146138&#8243; kburns=&#8221;yes&#8221; overlay_color=&#8221;color-wayh&#8221; overlay_alpha=&#8221;66&#8243; gutter_size=&#8221;3&#8243; column_width_percent=&#8221;100&#8243; shift_y=&#8221;0&#8243; z_index=&#8221;0&#8243; enable_bottom_divider=&#8221;default&#8221; bottom_divider=&#8221;gradient&#8221; shape_bottom_h_use_pixel=&#8221;true&#8221; shape_bottom_height_percent=&#8221;75&#8243; shape_bottom_color=&#8221;color-jevc&#8221; shape_bottom_opacity=&#8221;30&#8243; shape_bottom_index=&#8221;0&#8243; content_parallax=&#8221;0&#8243; uncode_shortcode_id=&#8221;301562&#8243; back_color_type=&#8221;uncode-palette&#8221; shape_bottom_color_type=&#8221;uncode-palette&#8221; overlay_color_type=&#8221;uncode-palette&#8221;][vc_column column_width_percent=&#8221;100&#8243; position_vertical=&#8221;middle&#8221; gutter_size=&#8221;3&#8243; style=&#8221;dark&#8221; overlay_alpha=&#8221;50&#8243; shift_x=&#8221;0&#8243; shift_y=&#8221;0&#8243; shift_y_down=&#8221;0&#8243; z_index=&#8221;0&#8243; medium_width=&#8221;0&#8243; mobile_width=&#8221;0&#8243; css_animation=&#8221;alpha-anim&#8221; animation_speed=&#8221;1000&#8243; width=&#8221;1\/1&#8243; uncode_shortcode_id=&#8221;772831&#8243;][vc_row_inner row_inner_height_percent=&#8221;0&#8243; overlay_alpha=&#8221;50&#8243; gutter_size=&#8221;4&#8243; shift_y=&#8221;0&#8243; z_index=&#8221;0&#8243; limit_content=&#8221;&#8221; uncode_shortcode_id=&#8221;593104&#8243;][vc_column_inner column_width_percent=&#8221;100&#8243; gutter_size=&#8221;3&#8243; style=&#8221;dark&#8221; overlay_alpha=&#8221;50&#8243; shift_x=&#8221;0&#8243; shift_y=&#8221;0&#8243; shift_y_down=&#8221;0&#8243; z_index=&#8221;0&#8243; medium_width=&#8221;4&#8243; mobile_width=&#8221;0&#8243; width=&#8221;1\/2&#8243; uncode_shortcode_id=&#8221;240896&#8243;][vc_custom_heading heading_semantic=&#8221;h6&#8243; text_size=&#8221;h6&#8243; text_transform=&#8221;uppercase&#8221; badge_style=&#8221;yes&#8221; back_color=&#8221;accent&#8221; radius=&#8221;sm&#8221; uncode_shortcode_id=&#8221;187203&#8243; back_color_type=&#8221;uncode-palette&#8221;]Natural Persons \/ Legal Entities[\/vc_custom_heading][vc_custom_heading heading_semantic=&#8221;h1&#8243; text_size=&#8221;fontsize-338686&#8243; uncode_shortcode_id=&#8221;121949&#8243;]Support CEKT[\/vc_custom_heading][vc_custom_heading text_size=&#8221;h4&#8243; text_weight=&#8221;400&#8243; text_height=&#8221;fontheight-357766&#8243; uncode_shortcode_id=&#8221;842130&#8243;]At Knowledge Tree Educational Community, we believe in the power of an education that sees every child as they are &#8211; unique, curious, full of potential. Every day we build a safe space where learning is authentic, relationships are deep, and children grow with confidence, autonomy and joy. <\/p>\n<p>&nbsp;<\/p>\n<p>With your support, we can continue to provide this educational experience to children who need it. Education changes lives &#8211; let&#8217;s make it possible together.[\/vc_custom_heading][vc_empty_space empty_h=&#8221;5&#8243;][\/vc_column_inner][vc_column_inner column_width_percent=&#8221;100&#8243; gutter_size=&#8221;3&#8243; overlay_alpha=&#8221;50&#8243; shift_x=&#8221;0&#8243; shift_y=&#8221;0&#8243; shift_y_down=&#8221;0&#8243; z_index=&#8221;0&#8243; medium_width=&#8221;4&#8243; mobile_visibility=&#8221;yes&#8221; mobile_width=&#8221;0&#8243; width=&#8221;1\/2&#8243; uncode_shortcode_id=&#8221;643164&#8243;][\/vc_column_inner][\/vc_row_inner][\/vc_column][\/vc_row][vc_row row_height_percent=&#8221;0&#8243; override_padding=&#8221;yes&#8221; h_padding=&#8221;2&#8243; top_padding=&#8221;0&#8243; bottom_padding=&#8221;5&#8243; back_color=&#8221;color-152389&#8243; overlay_alpha=&#8221;50&#8243; gutter_size=&#8221;3&#8243; column_width_use_pixel=&#8221;yes&#8221; shift_y=&#8221;0&#8243; z_index=&#8221;0&#8243; top_divider=&#8221;step&#8221; content_parallax=&#8221;0&#8243; uncode_shortcode_id=&#8221;762829&#8243; back_color_type=&#8221;uncode-palette&#8221; column_width_pixel=&#8221;1512&#8243;][vc_column column_width_percent=&#8221;100&#8243; align_horizontal=&#8221;align_center&#8221; gutter_size=&#8221;0&#8243; override_padding=&#8221;yes&#8221; column_padding=&#8221;0&#8243; style=&#8221;dark&#8221; back_color=&#8221;color-gyho&#8221; overlay_alpha=&#8221;50&#8243; shift_x=&#8221;0&#8243; shift_y=&#8221;-5&#8243; shift_y_fixed=&#8221;yes&#8221; shift_y_down=&#8221;0&#8243; z_index=&#8221;0&#8243; medium_width=&#8221;0&#8243; mobile_width=&#8221;0&#8243; width=&#8221;1\/1&#8243; uncode_shortcode_id=&#8221;591070&#8243; back_color_type=&#8221;uncode-palette&#8221;][vc_row_inner row_inner_height_percent=&#8221;0&#8243; overlay_alpha=&#8221;50&#8243; equal_height=&#8221;yes&#8221; gutter_size=&#8221;1&#8243; shift_y=&#8221;0&#8243; z_index=&#8221;0&#8243; limit_content=&#8221;&#8221; uncode_shortcode_id=&#8221;663004&#8243;][vc_column_inner column_width_percent=&#8221;100&#8243; gutter_size=&#8221;2&#8243; override_padding=&#8221;yes&#8221; column_padding=&#8221;3&#8243; back_color=&#8221;color-xsdn&#8221; overlay_alpha=&#8221;50&#8243; shift_x=&#8221;0&#8243; shift_y=&#8221;0&#8243; shift_y_down=&#8221;0&#8243; z_index=&#8221;0&#8243; medium_width=&#8221;3&#8243; mobile_width=&#8221;0&#8243; width=&#8221;1\/3&#8243; uncode_shortcode_id=&#8221;296812&#8243; back_color_type=&#8221;uncode-palette&#8221;][vc_icon icon=&#8221;fa fa-users2&#8243; size=&#8221;fa-3x&#8221; heading_semantic=&#8221;h2&#8243; text_size=&#8221;h2&#8243; text_lead=&#8221;yes&#8221; title=&#8221;Form 230&#8243; uncode_shortcode_id=&#8221;142634&#8243;]<strong>INDIVIDUALS<\/strong><\/p>\n<p>Fill in online form 230 to redirect 3.5% of your tax[\/vc_icon][vc_button border_width=&#8221;0&#8243; link=&#8221;url:https%3A%2F%2Fformular230.ro%2Fasociatia-copacul-cunoasterii|target:_blank|&#8221; uncode_shortcode_id=&#8221;153849&#8243;]Fill in Form 230[\/vc_button][\/vc_column_inner][vc_column_inner column_width_percent=&#8221;100&#8243; gutter_size=&#8221;3&#8243; override_padding=&#8221;yes&#8221; column_padding=&#8221;3&#8243; back_color=&#8221;color-xsdn&#8221; overlay_alpha=&#8221;50&#8243; shift_x=&#8221;0&#8243; shift_y=&#8221;0&#8243; shift_y_down=&#8221;0&#8243; z_index=&#8221;0&#8243; medium_width=&#8221;3&#8243; mobile_width=&#8221;0&#8243; width=&#8221;1\/3&#8243; uncode_shortcode_id=&#8221;109330&#8243; back_color_type=&#8221;uncode-palette&#8221;][vc_icon icon=&#8221;fa fa-hotairballoon&#8221; size=&#8221;fa-3x&#8221; heading_semantic=&#8221;h2&#8243; text_size=&#8221;h2&#8243; text_lead=&#8221;yes&#8221; title=&#8221;Donate directly&#8221; uncode_shortcode_id=&#8221;760647&#8243;]<strong>INDIVIDUALS &amp; LEGAL PERSONS<\/strong><\/p>\n<p>Contact us for a sponsorship contract or donate directly by credit card (one-time or recurring) or by bank transfer.<\/p>\n<p><em>see below<\/em> \ud83d\udc47\ud83c\udffb[\/vc_icon][\/vc_column_inner][vc_column_inner column_width_percent=&#8221;100&#8243; gutter_size=&#8221;3&#8243; override_padding=&#8221;yes&#8221; column_padding=&#8221;3&#8243; back_color=&#8221;color-xsdn&#8221; overlay_alpha=&#8221;50&#8243; shift_x=&#8221;0&#8243; shift_y=&#8221;0&#8243; shift_y_down=&#8221;0&#8243; z_index=&#8221;0&#8243; medium_width=&#8221;3&#8243; mobile_width=&#8221;0&#8243; width=&#8221;1\/3&#8243; uncode_shortcode_id=&#8221;177866&#8243; back_color_type=&#8221;uncode-palette&#8221;][vc_icon icon=&#8221;fa fa-apartment&#8221; size=&#8221;fa-3x&#8221; heading_semantic=&#8221;h2&#8243; text_size=&#8221;h2&#8243; text_lead=&#8221;yes&#8221; title=&#8221;Form 177&#8243; uncode_shortcode_id=&#8221;109055&#8243;]<strong>LEGAL ENTITIES<\/strong><\/p>\n<p>Form 177 allows corporate taxpayers or micro-enterprises to transfer up to 20% of the amount of their corporate tax or income tax as sponsorship to an NGO.<\/p>\n<p><em>see below<\/em> \ud83d\udc47\ud83c\udffb[\/vc_icon][\/vc_column_inner][\/vc_row_inner][\/vc_column][\/vc_row][vc_row row_height_percent=&#8221;0&#8243; override_padding=&#8221;yes&#8221; h_padding=&#8221;2&#8243; top_padding=&#8221;4&#8243; bottom_padding=&#8221;4&#8243; back_color=&#8221;color-gyho&#8221; overlay_alpha=&#8221;50&#8243; gutter_size=&#8221;3&#8243; column_width_percent=&#8221;100&#8243; shift_y=&#8221;0&#8243; z_index=&#8221;0&#8243; content_parallax=&#8221;0&#8243; uncode_shortcode_id=&#8221;823958&#8243; back_color_type=&#8221;uncode-palette&#8221;][vc_column width=&#8221;1\/4&#8243;][vc_custom_heading text_size=&#8221;h1&#8243; sub_lead=&#8221;yes&#8221; uncode_shortcode_id=&#8221;143742&#8243; subheading=&#8221;Fill in online form 230 to redirect 3.5% of your tax&#8221;]<\/p>\n<h2><span style=\"color: #339966;\"><strong>Natural Persons<\/strong><\/span><\/h2>\n<h1>Form 230<\/h1>\n<p>[\/vc_custom_heading][\/vc_column][vc_column width=&#8221;3\/4&#8243;][vc_column_text text_lead=&#8221;yes&#8221; uncode_shortcode_id=&#8221;183413&#8243;]<\/p>\n<div>Redirect 3.5% of your tax for free to<\/div>\n<h2 class=\"ttc-primary f230-nume-ong\">Tree of Knowledge Association<\/h2>\n<p class=\"f230-descriere\">The Knowledge Tree Association is developing the Knowledge Tree Educational Community (CEKT), an innovative environment where children follow a unique educational pathway from primary to high school, based on the British Cambridge curriculum. In a bilingual setting, CEKT supports academic, social and emotional development through internationally validated methods. We are ICEOTAS accredited and in the process of ARACIP recognition as a Foreign School. Part of CEREHARD Romania, we are progressing towards Cambridge International School accreditation. Support the future of alternative education by redirecting 3.5% of your tax to CEKT!    <\/p>\n<p>[\/vc_column_text][vc_button border_width=&#8221;0&#8243; link=&#8221;url:https%3A%2F%2Fformular230.ro%2Fasociatia-copacul-cunoasterii|target:_blank|&#8221; uncode_shortcode_id=&#8221;153849&#8243;]Fill in Form 230[\/vc_button][\/vc_column][\/vc_row][vc_row row_height_percent=&#8221;0&#8243; override_padding=&#8221;yes&#8221; h_padding=&#8221;2&#8243; top_padding=&#8221;4&#8243; bottom_padding=&#8221;0&#8243; back_color=&#8221;color-451562&#8243; overlay_alpha=&#8221;50&#8243; gutter_size=&#8221;3&#8243; column_width_percent=&#8221;100&#8243; shift_y=&#8221;0&#8243; z_index=&#8221;0&#8243; content_parallax=&#8221;0&#8243; uncode_shortcode_id=&#8221;726762&#8243; back_color_type=&#8221;uncode-palette&#8221;][vc_column width=&#8221;1\/4&#8243;][vc_custom_heading uncode_shortcode_id=&#8221;682687&#8243;]<\/p>\n<h2><strong><span style=\"color: #339966;\">Natural persons<\/span><\/strong><\/h2>\n<h2><span style=\"color: #ff9900;\"><strong>Legal entities<\/strong><\/span><\/h2>\n<h1>Donate directly<\/h1>\n<p>[\/vc_custom_heading][\/vc_column][vc_column width=&#8221;3\/4&#8243;][vc_column_text text_lead=&#8221;yes&#8221; uncode_shortcode_id=&#8221;433143&#8243;]ASOCIATIA COPACUL CUNOASTERII<\/p>\n<p>Str.: Alunului nr 5 Halchiu Brasov<br \/>\n43\/07.05.2021<br \/>\nCIF : 44511325<br \/>\n44511325 Banca Transilvania<br \/>\nIBAN RO73BTRLRONCRT0647057601[\/vc_column_text][vc_custom_heading sub_lead=&#8221;yes&#8221; uncode_shortcode_id=&#8221;196697&#8243; text_color_type=&#8221;uncode-palette&#8221; text_color_solid=&#8221;#ff0000&#8243; subheading=&#8221;(you can select multiple amounts from the buttons)<\/p>\n<p>If you wish to donate a specific recurring amount or a recurring period other than 1 month, please contact us. All options are available. &#8220;]Or support us with a recurring donation[\/vc_custom_heading][\/vc_column][\/vc_row][vc_row row_height_percent=&#8221;0&#8243; override_padding=&#8221;yes&#8221; h_padding=&#8221;2&#8243; top_padding=&#8221;2&#8243; bottom_padding=&#8221;4&#8243; back_color=&#8221;color-451562&#8243; overlay_alpha=&#8221;50&#8243; gutter_size=&#8221;6&#8243; column_width_percent=&#8221;100&#8243; shift_y=&#8221;0&#8243; z_index=&#8221;0&#8243; content_parallax=&#8221;0&#8243; uncode_shortcode_id=&#8221;156033&#8243; back_color_type=&#8221;uncode-palette&#8221;][vc_column width=&#8221;1\/4&#8243;][\/vc_column][vc_column width=&#8221;1\/4&#8243;][\/vc_column][vc_column width=&#8221;1\/4&#8243;][\/vc_column][vc_column width=&#8221;1\/4&#8243;][\/vc_column][\/vc_row][vc_row row_height_percent=&#8221;0&#8243; override_padding=&#8221;yes&#8221; h_padding=&#8221;2&#8243; top_padding=&#8221;4&#8243; bottom_padding=&#8221;4&#8243; back_color=&#8221;color-gyho&#8221; overlay_alpha=&#8221;50&#8243; gutter_size=&#8221;3&#8243; column_width_percent=&#8221;100&#8243; shift_y=&#8221;0&#8243; z_index=&#8221;0&#8243; content_parallax=&#8221;0&#8243; uncode_shortcode_id=&#8221;561440&#8243; back_color_type=&#8221;uncode-palette&#8221;][vc_column width=&#8221;1\/4&#8243;][vc_custom_heading uncode_shortcode_id=&#8221;211295&#8243;]<\/p>\n<h2><span style=\"color: #ff9900;\"><strong>Legal entities<\/strong><\/span><\/h2>\n<h1>Form 177<\/h1>\n<p>[\/vc_custom_heading][\/vc_column][vc_column width=&#8221;3\/4&#8243;][vc_column_text text_lead=&#8221;yes&#8221; uncode_shortcode_id=&#8221;678494&#8243;]<strong>Form 177 allows companies that pay corporate income tax or micro-enterprises to transfer up to 20% of their corporate income tax or income tax as sponsorship to an NGO.<\/strong><\/p>\n<p><strong>When to file form 177?<\/strong><br \/>\nCorporate income tax payers can order the redirection of certain amounts of tax due, according to the law<strong>, <\/strong>until the legal deadlines for filing the annual corporate income tax return\/microenterprise income tax;<\/p>\n<p><strong>How to file form 177?<\/strong><br \/>\nThe form is filled in a pdf that can be downloaded on the ANAF website,<br \/>\nyou can find here <a href=\"https:\/\/static.anaf.ro\/static\/10\/Anaf\/Declaratii_R\/177.html\" target=\"_blank\" rel=\"noopener\">Form 177  \ud83d\udc48\ud83d\udd17<\/a><\/p>\n<p>The legislative act that regulates the use of the form: <a href=\"https:\/\/legislatie.just.ro\/Public\/DetaliiDocument\/285149\" target=\"_blank\" rel=\"noopener\">ANAF Order no. 3.562\/2024<\/a><br \/>\nThe form is submitted electronically, on the <a href=\"https:\/\/e-guvernare.ro\/\">e-guvernare.ro platform .<\/a> Before filing it, there must also be a sponsorship contract concluded between the company and the NGO specifying that the sponsorship will be carried out through Form 177, i.e. through tax redirection.[\/vc_column_text][vc_button border_width=&#8221;0&#8243; link=&#8221;url:https%3A%2F%2Fstatic.anaf.ro%2Fstatic%2F10%2FAnaf%2FDeclaratii_R%2F177.html|target:_blank|&#8221; uncode_shortcode_id=&#8221;105334&#8243;]Form 177[\/vc_button][vc_column_text text_lead=&#8221;yes&#8221; uncode_shortcode_id=&#8221;287596&#8243;]<\/p>\n<h2 class=\"heading-line-bottom text-theme-colored\">Sponsorship 20% of tax<\/h2>\n<p>Redirect 20% of the tax your company pays to the state. To conclude the sponsorship contract you can contact us by email contact@cekt.ro or phone &#8211; see <a href=\"https:\/\/cekt.ro\/en\/contact-cekt\/\" target=\"_blank\" rel=\"noopener\">contact page<\/a>[\/vc_column_text][vc_button border_width=&#8221;0&#8243; link=&#8221;url:https%3A%2F%2Fcekt.ro%2Fen%2Fcontact%2F|title:Contact%20CEKT|&#8221; uncode_shortcode_id=&#8221;152508&#8243;]Contact us for contract[\/vc_button][\/vc_column][\/vc_row]<\/p>\n<\/div>","protected":false},"excerpt":{"rendered":"<p>[vc_row row_height_percent=&#8221;85&#8243; override_padding=&#8221;yes&#8221; h_padding=&#8221;2&#8243; top_padding=&#8221;5&#8243; bottom_padding=&#8221;5&#8243; back_color=&#8221;color-wayh&#8221; back_image=&#8221;146138&#8243; kburns=&#8221;yes&#8221; overlay_color=&#8221;color-wayh&#8221; overlay_alpha=&#8221;66&#8243; gutter_size=&#8221;3&#8243; column_width_percent=&#8221;100&#8243; shift_y=&#8221;0&#8243; z_index=&#8221;0&#8243; enable_bottom_divider=&#8221;default&#8221; bottom_divider=&#8221;gradient&#8221; shape_bottom_h_use_pixel=&#8221;true&#8221; shape_bottom_height_percent=&#8221;75&#8243; shape_bottom_color=&#8221;color-jevc&#8221; [&hellip;]<\/p>\n","protected":false},"author":1,"featured_media":146139,"parent":0,"menu_order":0,"comment_status":"closed","ping_status":"closed","template":"","meta":{"footnotes":"","_et_pb_custom_css":""},"class_list":["post-146148","page","type-page","status-publish","has-post-thumbnail","hentry"],"_et_pb_custom_css":"","yoast_head":"<!-- This site is optimized with the Yoast SEO plugin v26.7 - https:\/\/yoast.com\/wordpress\/plugins\/seo\/ -->\n<title>Support CEKT - Comunitatea Educa\u021bional\u0103 Knowledge Tree<\/title>\n<meta name=\"robots\" content=\"index, follow, max-snippet:-1, max-image-preview:large, max-video-preview:-1\" \/>\n<link rel=\"canonical\" href=\"https:\/\/cekt.ro\/en\/support-cekt\/\" \/>\n<meta property=\"og:locale\" content=\"en_US\" \/>\n<meta property=\"og:type\" content=\"article\" \/>\n<meta property=\"og:title\" content=\"Support CEKT - Comunitatea Educa\u021bional\u0103 Knowledge Tree\" \/>\n<meta property=\"og:description\" content=\"[vc_row row_height_percent=&#8221;85&#8243; override_padding=&#8221;yes&#8221; h_padding=&#8221;2&#8243; top_padding=&#8221;5&#8243; bottom_padding=&#8221;5&#8243; back_color=&#8221;color-wayh&#8221; back_image=&#8221;146138&#8243; kburns=&#8221;yes&#8221; overlay_color=&#8221;color-wayh&#8221; overlay_alpha=&#8221;66&#8243; gutter_size=&#8221;3&#8243; column_width_percent=&#8221;100&#8243; shift_y=&#8221;0&#8243; z_index=&#8221;0&#8243; enable_bottom_divider=&#8221;default&#8221; bottom_divider=&#8221;gradient&#8221; shape_bottom_h_use_pixel=&#8221;true&#8221; shape_bottom_height_percent=&#8221;75&#8243; shape_bottom_color=&#8221;color-jevc&#8221; [&hellip;]\" \/>\n<meta property=\"og:url\" content=\"https:\/\/cekt.ro\/en\/support-cekt\/\" \/>\n<meta property=\"og:site_name\" content=\"Comunitatea Educa\u021bional\u0103 Knowledge Tree\" \/>\n<meta property=\"article:publisher\" content=\"https:\/\/www.facebook.com\/CEKTBRASOV\/\" \/>\n<meta property=\"article:modified_time\" content=\"2026-04-07T06:13:06+00:00\" \/>\n<meta property=\"og:image\" content=\"https:\/\/cekt.ro\/wp-content\/uploads\/2025\/03\/neil-thomas-SIU1Glk6v5k-unsplash-2.webp\" \/>\n\t<meta property=\"og:image:width\" content=\"1920\" \/>\n\t<meta property=\"og:image:height\" content=\"1280\" \/>\n\t<meta property=\"og:image:type\" content=\"image\/jpeg\" \/>\n<meta name=\"twitter:card\" content=\"summary_large_image\" \/>\n<meta name=\"twitter:label1\" content=\"Est. reading time\" \/>\n\t<meta name=\"twitter:data1\" content=\"7 minutes\" \/>\n<script type=\"application\/ld+json\" class=\"yoast-schema-graph\">{\"@context\":\"https:\/\/schema.org\",\"@graph\":[{\"@type\":\"WebPage\",\"@id\":\"https:\/\/cekt.ro\/en\/support-cekt\/\",\"url\":\"https:\/\/cekt.ro\/en\/support-cekt\/\",\"name\":\"Support CEKT - Comunitatea Educa\u021bional\u0103 Knowledge Tree\",\"isPartOf\":{\"@id\":\"https:\/\/cekt.ro\/en\/#website\"},\"primaryImageOfPage\":{\"@id\":\"https:\/\/cekt.ro\/en\/support-cekt\/#primaryimage\"},\"image\":{\"@id\":\"https:\/\/cekt.ro\/en\/support-cekt\/#primaryimage\"},\"thumbnailUrl\":\"https:\/\/cekt.ro\/wp-content\/uploads\/2025\/03\/neil-thomas-SIU1Glk6v5k-unsplash-2.webp\",\"datePublished\":\"2025-02-14T10:21:32+00:00\",\"dateModified\":\"2026-04-07T06:13:06+00:00\",\"breadcrumb\":{\"@id\":\"https:\/\/cekt.ro\/en\/support-cekt\/#breadcrumb\"},\"inLanguage\":\"en-US\",\"potentialAction\":[{\"@type\":\"ReadAction\",\"target\":[\"https:\/\/cekt.ro\/en\/support-cekt\/\"]}]},{\"@type\":\"ImageObject\",\"inLanguage\":\"en-US\",\"@id\":\"https:\/\/cekt.ro\/en\/support-cekt\/#primaryimage\",\"url\":\"https:\/\/cekt.ro\/wp-content\/uploads\/2025\/03\/neil-thomas-SIU1Glk6v5k-unsplash-2.webp\",\"contentUrl\":\"https:\/\/cekt.ro\/wp-content\/uploads\/2025\/03\/neil-thomas-SIU1Glk6v5k-unsplash-2.webp\",\"width\":1920,\"height\":1280},{\"@type\":\"BreadcrumbList\",\"@id\":\"https:\/\/cekt.ro\/en\/support-cekt\/#breadcrumb\",\"itemListElement\":[{\"@type\":\"ListItem\",\"position\":1,\"name\":\"Home\",\"item\":\"https:\/\/cekt.ro\/en\/\"},{\"@type\":\"ListItem\",\"position\":2,\"name\":\"Support CEKT\"}]},{\"@type\":\"WebSite\",\"@id\":\"https:\/\/cekt.ro\/en\/#website\",\"url\":\"https:\/\/cekt.ro\/en\/\",\"name\":\"Comunitatea Educa\u021bional\u0103 Knowledge Tree - \u0218coal\u0103 alternativ\u0103 cu program\u0103 britanic\u0103 \u00een Bra\u0219ov\",\"description\":\"Alternativ\u0103 Educa\u021bional\u0103 Holistic\u0103\",\"publisher\":{\"@id\":\"https:\/\/cekt.ro\/en\/#organization\"},\"potentialAction\":[{\"@type\":\"SearchAction\",\"target\":{\"@type\":\"EntryPoint\",\"urlTemplate\":\"https:\/\/cekt.ro\/en\/?s={search_term_string}\"},\"query-input\":{\"@type\":\"PropertyValueSpecification\",\"valueRequired\":true,\"valueName\":\"search_term_string\"}}],\"inLanguage\":\"en-US\"},{\"@type\":\"Organization\",\"@id\":\"https:\/\/cekt.ro\/en\/#organization\",\"name\":\"Comunitatea Educa\u021bional\u0103 Knowledge Tree\",\"url\":\"https:\/\/cekt.ro\/en\/\",\"logo\":{\"@type\":\"ImageObject\",\"inLanguage\":\"en-US\",\"@id\":\"https:\/\/cekt.ro\/en\/#\/schema\/logo\/image\/\",\"url\":\"https:\/\/cekt.ro\/wp-content\/uploads\/2025\/04\/CEKT-CLEAN.webp\",\"contentUrl\":\"https:\/\/cekt.ro\/wp-content\/uploads\/2025\/04\/CEKT-CLEAN.webp\",\"width\":2446,\"height\":1889,\"caption\":\"Comunitatea Educa\u021bional\u0103 Knowledge Tree\"},\"image\":{\"@id\":\"https:\/\/cekt.ro\/en\/#\/schema\/logo\/image\/\"},\"sameAs\":[\"https:\/\/www.facebook.com\/CEKTBRASOV\/\",\"https:\/\/www.instagram.com\/cekt_brasov\",\"https:\/\/www.linkedin.com\/company\/cekt\/\",\"https:\/\/www.tiktok.com\/@monicacojan75\"]}]}<\/script>\n<!-- \/ Yoast SEO plugin. -->","yoast_head_json":{"title":"Support CEKT - Comunitatea Educa\u021bional\u0103 Knowledge Tree","robots":{"index":"index","follow":"follow","max-snippet":"max-snippet:-1","max-image-preview":"max-image-preview:large","max-video-preview":"max-video-preview:-1"},"canonical":"https:\/\/cekt.ro\/en\/support-cekt\/","og_locale":"en_US","og_type":"article","og_title":"Support CEKT - Comunitatea Educa\u021bional\u0103 Knowledge Tree","og_description":"[vc_row row_height_percent=&#8221;85&#8243; override_padding=&#8221;yes&#8221; h_padding=&#8221;2&#8243; top_padding=&#8221;5&#8243; bottom_padding=&#8221;5&#8243; back_color=&#8221;color-wayh&#8221; back_image=&#8221;146138&#8243; kburns=&#8221;yes&#8221; overlay_color=&#8221;color-wayh&#8221; overlay_alpha=&#8221;66&#8243; gutter_size=&#8221;3&#8243; column_width_percent=&#8221;100&#8243; shift_y=&#8221;0&#8243; z_index=&#8221;0&#8243; enable_bottom_divider=&#8221;default&#8221; bottom_divider=&#8221;gradient&#8221; shape_bottom_h_use_pixel=&#8221;true&#8221; shape_bottom_height_percent=&#8221;75&#8243; shape_bottom_color=&#8221;color-jevc&#8221; [&hellip;]","og_url":"https:\/\/cekt.ro\/en\/support-cekt\/","og_site_name":"Comunitatea Educa\u021bional\u0103 Knowledge Tree","article_publisher":"https:\/\/www.facebook.com\/CEKTBRASOV\/","article_modified_time":"2026-04-07T06:13:06+00:00","og_image":[{"width":1920,"height":1280,"url":"https:\/\/cekt.ro\/wp-content\/uploads\/2025\/03\/neil-thomas-SIU1Glk6v5k-unsplash-2.webp","type":"image\/jpeg"}],"twitter_card":"summary_large_image","twitter_misc":{"Est. reading time":"7 minutes"},"schema":{"@context":"https:\/\/schema.org","@graph":[{"@type":"WebPage","@id":"https:\/\/cekt.ro\/en\/support-cekt\/","url":"https:\/\/cekt.ro\/en\/support-cekt\/","name":"Support CEKT - Comunitatea Educa\u021bional\u0103 Knowledge Tree","isPartOf":{"@id":"https:\/\/cekt.ro\/en\/#website"},"primaryImageOfPage":{"@id":"https:\/\/cekt.ro\/en\/support-cekt\/#primaryimage"},"image":{"@id":"https:\/\/cekt.ro\/en\/support-cekt\/#primaryimage"},"thumbnailUrl":"https:\/\/cekt.ro\/wp-content\/uploads\/2025\/03\/neil-thomas-SIU1Glk6v5k-unsplash-2.webp","datePublished":"2025-02-14T10:21:32+00:00","dateModified":"2026-04-07T06:13:06+00:00","breadcrumb":{"@id":"https:\/\/cekt.ro\/en\/support-cekt\/#breadcrumb"},"inLanguage":"en-US","potentialAction":[{"@type":"ReadAction","target":["https:\/\/cekt.ro\/en\/support-cekt\/"]}]},{"@type":"ImageObject","inLanguage":"en-US","@id":"https:\/\/cekt.ro\/en\/support-cekt\/#primaryimage","url":"https:\/\/cekt.ro\/wp-content\/uploads\/2025\/03\/neil-thomas-SIU1Glk6v5k-unsplash-2.webp","contentUrl":"https:\/\/cekt.ro\/wp-content\/uploads\/2025\/03\/neil-thomas-SIU1Glk6v5k-unsplash-2.webp","width":1920,"height":1280},{"@type":"BreadcrumbList","@id":"https:\/\/cekt.ro\/en\/support-cekt\/#breadcrumb","itemListElement":[{"@type":"ListItem","position":1,"name":"Home","item":"https:\/\/cekt.ro\/en\/"},{"@type":"ListItem","position":2,"name":"Support CEKT"}]},{"@type":"WebSite","@id":"https:\/\/cekt.ro\/en\/#website","url":"https:\/\/cekt.ro\/en\/","name":"Comunitatea Educa\u021bional\u0103 Knowledge Tree - \u0218coal\u0103 alternativ\u0103 cu program\u0103 britanic\u0103 \u00een Bra\u0219ov","description":"Alternativ\u0103 Educa\u021bional\u0103 Holistic\u0103","publisher":{"@id":"https:\/\/cekt.ro\/en\/#organization"},"potentialAction":[{"@type":"SearchAction","target":{"@type":"EntryPoint","urlTemplate":"https:\/\/cekt.ro\/en\/?s={search_term_string}"},"query-input":{"@type":"PropertyValueSpecification","valueRequired":true,"valueName":"search_term_string"}}],"inLanguage":"en-US"},{"@type":"Organization","@id":"https:\/\/cekt.ro\/en\/#organization","name":"Comunitatea Educa\u021bional\u0103 Knowledge Tree","url":"https:\/\/cekt.ro\/en\/","logo":{"@type":"ImageObject","inLanguage":"en-US","@id":"https:\/\/cekt.ro\/en\/#\/schema\/logo\/image\/","url":"https:\/\/cekt.ro\/wp-content\/uploads\/2025\/04\/CEKT-CLEAN.webp","contentUrl":"https:\/\/cekt.ro\/wp-content\/uploads\/2025\/04\/CEKT-CLEAN.webp","width":2446,"height":1889,"caption":"Comunitatea Educa\u021bional\u0103 Knowledge Tree"},"image":{"@id":"https:\/\/cekt.ro\/en\/#\/schema\/logo\/image\/"},"sameAs":["https:\/\/www.facebook.com\/CEKTBRASOV\/","https:\/\/www.instagram.com\/cekt_brasov","https:\/\/www.linkedin.com\/company\/cekt\/","https:\/\/www.tiktok.com\/@monicacojan75"]}]}},"_links":{"self":[{"href":"https:\/\/cekt.ro\/en\/wp-json\/wp\/v2\/pages\/146148","targetHints":{"allow":["GET"]}}],"collection":[{"href":"https:\/\/cekt.ro\/en\/wp-json\/wp\/v2\/pages"}],"about":[{"href":"https:\/\/cekt.ro\/en\/wp-json\/wp\/v2\/types\/page"}],"author":[{"embeddable":true,"href":"https:\/\/cekt.ro\/en\/wp-json\/wp\/v2\/users\/1"}],"replies":[{"embeddable":true,"href":"https:\/\/cekt.ro\/en\/wp-json\/wp\/v2\/comments?post=146148"}],"version-history":[{"count":22,"href":"https:\/\/cekt.ro\/en\/wp-json\/wp\/v2\/pages\/146148\/revisions"}],"predecessor-version":[{"id":158770,"href":"https:\/\/cekt.ro\/en\/wp-json\/wp\/v2\/pages\/146148\/revisions\/158770"}],"wp:featuredmedia":[{"embeddable":true,"href":"https:\/\/cekt.ro\/en\/wp-json\/wp\/v2\/media\/146139"}],"wp:attachment":[{"href":"https:\/\/cekt.ro\/en\/wp-json\/wp\/v2\/media?parent=146148"}],"curies":[{"name":"wp","href":"https:\/\/api.w.org\/{rel}","templated":true}]}}