{"id":146216,"date":"2015-09-08T15:03:56","date_gmt":"2015-09-08T15:03:56","guid":{"rendered":"https:\/\/cekt.ro\/blog\/"},"modified":"2026-04-18T17:51:05","modified_gmt":"2026-04-18T17:51:05","slug":"blog","status":"publish","type":"page","link":"https:\/\/cekt.ro\/en\/blog\/","title":{"rendered":"CEKT Blog"},"content":{"rendered":"<div class=\"wpb-content-wrapper\"><p>[vc_row unlock_row_content=&#8221;yes&#8221; row_height_percent=&#8221;100&#8243; override_padding=&#8221;yes&#8221; h_padding=&#8221;0&#8243; top_padding=&#8221;0&#8243; bottom_padding=&#8221;0&#8243; back_color=&#8221;color-wayh&#8221; overlay_alpha=&#8221;100&#8243; gutter_size=&#8221;100&#8243; column_width_percent=&#8221;100&#8243; shift_y=&#8221;0&#8243; z_index=&#8221;0&#8243; style=&#8221;inherited&#8221;][vc_column column_width_percent=&#8221;100&#8243; position_horizontal=&#8221;left&#8221; gutter_size=&#8221;3&#8243; overlay_alpha=&#8221;100&#8243; shift_x=&#8221;0&#8243; shift_y=&#8221;0&#8243; shift_y_down=&#8221;0&#8243; z_index=&#8221;0&#8243; medium_width=&#8221;0&#8243; mobile_width=&#8221;0&#8243; zoom_width=&#8221;0&#8243; zoom_height=&#8221;0&#8243; width=&#8221;1\/1&#8243;][uncode_index el_id=&#8221;index-1&#8243; loop=&#8221;size:6|order_by:date|post_type:post&#8221; style_preset=&#8221;metro&#8221; single_height_viewport=&#8221;yes&#8221; screen_lg=&#8221;800&#8243; screen_md=&#8221;800&#8243; screen_sm=&#8221;800&#8243; gutter_size=&#8221;0&#8243; post_items=&#8221;media|featured|onpost|poster,date,title,sep-one|full,extra&#8221; page_items=&#8221;title,media,text,category&#8221; product_items=&#8221;title,media,text,category,price&#8221; portfolio_items=&#8221;title,media,text,category&#8221; single_text=&#8221;overlay&#8221; single_width=&#8221;6&#8243; single_fluid_height=&#8221;50&#8243; single_overlay_color=&#8221;color-wayh&#8221; single_overlay_coloration=&#8221;bottom_gradient&#8221; single_overlay_opacity=&#8221;50&#8243; single_overlay_visible=&#8221;yes&#8221; single_overlay_anim=&#8221;no&#8221; single_text_visible=&#8221;yes&#8221; single_text_anim=&#8221;no&#8221; single_v_position=&#8221;bottom&#8221; single_reduced=&#8221;half&#8221; single_padding=&#8221;3&#8243; single_title_dimension=&#8221;h2&#8243; single_border=&#8221;yes&#8221; single_css_animation=&#8221;right-t-left&#8221; single_animation_delay=&#8221;400&#8243; post_matrix=&#8221;matrix&#8221; matrix_amount=&#8221;3&#8243; single_text_inline=&#8221;yes&#8221; single_text_hover=&#8221;yes&#8221; single_block_click=&#8221;yes&#8221; single_title_serif=&#8221;&#8221; single_title_divider=&#8221;yes&#8221; single_no_background=&#8221;&#8221; single_title_bold=&#8221;yes&#8221; single_half_padding=&#8221;&#8221; footer_position=&#8221;left&#8221; carousel_rtl=&#8221;&#8221; order_ids=&#8221;4193,4231,4247,4252,4225&#8243; matrix_items=&#8221;eyIwX2kiOnsic2luZ2xlX2hlaWdodCI6IjgiLCJzaW5nbGVfd2lkdGgiOiIxMiIsInNpbmdsZV90aXRsZV9kaW1lbnNpb24iOiJmb250c2l6ZS0xNTU5NDQiLCJzaW5nbGVfcmVkdWNlZCI6ImhhbGYiLCJzaW5nbGVfZmx1aWRfaGVpZ2h0IjoiNzUifX0=&#8221;][\/vc_column][\/vc_row][vc_row unlock_row_content=&#8221;yes&#8221; row_height_percent=&#8221;0&#8243; override_padding=&#8221;yes&#8221; h_padding=&#8221;5&#8243; top_padding=&#8221;5&#8243; bottom_padding=&#8221;5&#8243; back_color=&#8221;color-xsdn&#8221; overlay_alpha=&#8221;50&#8243; gutter_size=&#8221;3&#8243; column_width_percent=&#8221;100&#8243; shift_y=&#8221;0&#8243; z_index=&#8221;0&#8243; uncode_shortcode_id=&#8221;192393&#8243; back_color_type=&#8221;uncode-palette&#8221;][vc_column column_width_percent=&#8221;100&#8243; gutter_size=&#8221;6&#8243; overlay_alpha=&#8221;50&#8243; shift_x=&#8221;0&#8243; shift_y=&#8221;0&#8243; shift_y_down=&#8221;0&#8243; z_index=&#8221;0&#8243; medium_width=&#8221;0&#8243; mobile_width=&#8221;0&#8243; width=&#8221;1\/1&#8243; uncode_shortcode_id=&#8221;594571&#8243;][uncode_index el_id=&#8221;index-987654&#8243; index_type=&#8221;table&#8221; loop=&#8221;size:12|order_by:date|post_type:post|taxonomy_count:10&#8243; gutter_size=&#8221;3&#8243; table_v_align=&#8221;middle&#8221; table_border=&#8221;both&#8221; table_click_row=&#8221;yes&#8221; table_hover=&#8221;opacity&#8221; post_table_items=&#8221;col-five|1,media|featured|onpost|poster,col-one|5,title,text|excerpt,col-three|1,col-two|2,category|inline,col-four|4,link|default|default_size|scale_mobile|default_width|default_outline&#8221; portfolio_table_items=&#8221;col-one|4,title,col-two|2,date,col-three|2,category|nobg|relative|display-icon,col-four|2,icon|sm,link|default|default_size&#8221; table_images_size=&#8221;three-two&#8221; single_overlay_opacity=&#8221;50&#8243; single_overlay_anim=&#8221;no&#8221; single_image_magnetic=&#8221;yes&#8221; single_table_last_align=&#8221;right&#8221; single_padding=&#8221;3&#8243; single_title_dimension=&#8221;h3&#8243; single_title_weight=&#8221;700&#8243; table_general_typo=&#8221;yes&#8221; single_text_lead=&#8221;yes&#8221; single_border=&#8221;yes&#8221; single_css_animation=&#8221;alpha-anim&#8221; single_animation_speed=&#8221;1000&#8243; table_mobile_gutter_size=&#8221;2&#8243; uncode_shortcode_id=&#8221;758387&#8243;][\/vc_column][\/vc_row]<\/p>\n<\/div>","protected":false},"excerpt":{"rendered":"<p>[vc_row unlock_row_content=&#8221;yes&#8221; row_height_percent=&#8221;100&#8243; override_padding=&#8221;yes&#8221; h_padding=&#8221;0&#8243; top_padding=&#8221;0&#8243; bottom_padding=&#8221;0&#8243; back_color=&#8221;color-wayh&#8221; overlay_alpha=&#8221;100&#8243; gutter_size=&#8221;100&#8243; column_width_percent=&#8221;100&#8243; shift_y=&#8221;0&#8243; z_index=&#8221;0&#8243; style=&#8221;inherited&#8221;][vc_column column_width_percent=&#8221;100&#8243; position_horizontal=&#8221;left&#8221; gutter_size=&#8221;3&#8243; overlay_alpha=&#8221;100&#8243; shift_x=&#8221;0&#8243; shift_y=&#8221;0&#8243; [&hellip;]<\/p>\n","protected":false},"author":1,"featured_media":145469,"parent":0,"menu_order":0,"comment_status":"closed","ping_status":"closed","template":"","meta":{"footnotes":"","_et_pb_custom_css":""},"class_list":["post-146216","page","type-page","status-publish","has-post-thumbnail","hentry"],"_et_pb_custom_css":"","yoast_head":"<!-- This site is optimized with the Yoast SEO plugin v26.7 - https:\/\/yoast.com\/wordpress\/plugins\/seo\/ -->\n<title>CEKT Blog - Comunitatea Educa\u021bional\u0103 Knowledge Tree<\/title>\n<meta name=\"robots\" content=\"index, follow, max-snippet:-1, max-image-preview:large, max-video-preview:-1\" \/>\n<link rel=\"canonical\" href=\"https:\/\/cekt.ro\/en\/blog\/\" \/>\n<meta property=\"og:locale\" content=\"en_US\" \/>\n<meta property=\"og:type\" content=\"article\" \/>\n<meta property=\"og:title\" content=\"CEKT Blog - Comunitatea Educa\u021bional\u0103 Knowledge Tree\" \/>\n<meta property=\"og:description\" content=\"[vc_row unlock_row_content=&#8221;yes&#8221; row_height_percent=&#8221;100&#8243; override_padding=&#8221;yes&#8221; h_padding=&#8221;0&#8243; top_padding=&#8221;0&#8243; bottom_padding=&#8221;0&#8243; back_color=&#8221;color-wayh&#8221; overlay_alpha=&#8221;100&#8243; gutter_size=&#8221;100&#8243; column_width_percent=&#8221;100&#8243; shift_y=&#8221;0&#8243; z_index=&#8221;0&#8243; style=&#8221;inherited&#8221;][vc_column column_width_percent=&#8221;100&#8243; position_horizontal=&#8221;left&#8221; gutter_size=&#8221;3&#8243; overlay_alpha=&#8221;100&#8243; shift_x=&#8221;0&#8243; shift_y=&#8221;0&#8243; [&hellip;]\" \/>\n<meta property=\"og:url\" content=\"https:\/\/cekt.ro\/en\/blog\/\" \/>\n<meta property=\"og:site_name\" content=\"Comunitatea Educa\u021bional\u0103 Knowledge Tree\" \/>\n<meta property=\"article:publisher\" content=\"https:\/\/www.facebook.com\/CEKTBRASOV\/\" \/>\n<meta property=\"article:modified_time\" content=\"2026-04-18T17:51:05+00:00\" \/>\n<meta property=\"og:image\" content=\"https:\/\/cekt.ro\/wp-content\/uploads\/2024\/12\/DAN23909-scaled-1.jpg\" \/>\n\t<meta property=\"og:image:width\" content=\"2560\" \/>\n\t<meta property=\"og:image:height\" content=\"1707\" \/>\n\t<meta property=\"og:image:type\" content=\"image\/jpeg\" \/>\n<meta name=\"twitter:card\" content=\"summary_large_image\" \/>\n<meta name=\"twitter:label1\" content=\"Est. reading time\" \/>\n\t<meta name=\"twitter:data1\" content=\"2 minutes\" \/>\n<script type=\"application\/ld+json\" class=\"yoast-schema-graph\">{\"@context\":\"https:\/\/schema.org\",\"@graph\":[{\"@type\":\"WebPage\",\"@id\":\"https:\/\/cekt.ro\/en\/blog\/\",\"url\":\"https:\/\/cekt.ro\/en\/blog\/\",\"name\":\"CEKT Blog - Comunitatea Educa\u021bional\u0103 Knowledge Tree\",\"isPartOf\":{\"@id\":\"https:\/\/cekt.ro\/en\/#website\"},\"primaryImageOfPage\":{\"@id\":\"https:\/\/cekt.ro\/en\/blog\/#primaryimage\"},\"image\":{\"@id\":\"https:\/\/cekt.ro\/en\/blog\/#primaryimage\"},\"thumbnailUrl\":\"https:\/\/cekt.ro\/wp-content\/uploads\/2024\/12\/DAN23909-scaled-1.jpg\",\"datePublished\":\"2015-09-08T15:03:56+00:00\",\"dateModified\":\"2026-04-18T17:51:05+00:00\",\"breadcrumb\":{\"@id\":\"https:\/\/cekt.ro\/en\/blog\/#breadcrumb\"},\"inLanguage\":\"en-US\",\"potentialAction\":[{\"@type\":\"ReadAction\",\"target\":[\"https:\/\/cekt.ro\/en\/blog\/\"]}]},{\"@type\":\"ImageObject\",\"inLanguage\":\"en-US\",\"@id\":\"https:\/\/cekt.ro\/en\/blog\/#primaryimage\",\"url\":\"https:\/\/cekt.ro\/wp-content\/uploads\/2024\/12\/DAN23909-scaled-1.jpg\",\"contentUrl\":\"https:\/\/cekt.ro\/wp-content\/uploads\/2024\/12\/DAN23909-scaled-1.jpg\",\"width\":2560,\"height\":1707},{\"@type\":\"BreadcrumbList\",\"@id\":\"https:\/\/cekt.ro\/en\/blog\/#breadcrumb\",\"itemListElement\":[{\"@type\":\"ListItem\",\"position\":1,\"name\":\"Home\",\"item\":\"https:\/\/cekt.ro\/en\/\"},{\"@type\":\"ListItem\",\"position\":2,\"name\":\"CEKT Blog\"}]},{\"@type\":\"WebSite\",\"@id\":\"https:\/\/cekt.ro\/en\/#website\",\"url\":\"https:\/\/cekt.ro\/en\/\",\"name\":\"Comunitatea Educa\u021bional\u0103 Knowledge Tree - \u0218coal\u0103 alternativ\u0103 cu program\u0103 britanic\u0103 \u00een Bra\u0219ov\",\"description\":\"Alternativ\u0103 Educa\u021bional\u0103 Holistic\u0103\",\"publisher\":{\"@id\":\"https:\/\/cekt.ro\/en\/#organization\"},\"potentialAction\":[{\"@type\":\"SearchAction\",\"target\":{\"@type\":\"EntryPoint\",\"urlTemplate\":\"https:\/\/cekt.ro\/en\/?s={search_term_string}\"},\"query-input\":{\"@type\":\"PropertyValueSpecification\",\"valueRequired\":true,\"valueName\":\"search_term_string\"}}],\"inLanguage\":\"en-US\"},{\"@type\":\"Organization\",\"@id\":\"https:\/\/cekt.ro\/en\/#organization\",\"name\":\"Comunitatea Educa\u021bional\u0103 Knowledge Tree\",\"url\":\"https:\/\/cekt.ro\/en\/\",\"logo\":{\"@type\":\"ImageObject\",\"inLanguage\":\"en-US\",\"@id\":\"https:\/\/cekt.ro\/en\/#\/schema\/logo\/image\/\",\"url\":\"https:\/\/cekt.ro\/wp-content\/uploads\/2025\/04\/CEKT-CLEAN.webp\",\"contentUrl\":\"https:\/\/cekt.ro\/wp-content\/uploads\/2025\/04\/CEKT-CLEAN.webp\",\"width\":2446,\"height\":1889,\"caption\":\"Comunitatea Educa\u021bional\u0103 Knowledge Tree\"},\"image\":{\"@id\":\"https:\/\/cekt.ro\/en\/#\/schema\/logo\/image\/\"},\"sameAs\":[\"https:\/\/www.facebook.com\/CEKTBRASOV\/\",\"https:\/\/www.instagram.com\/cekt_brasov\",\"https:\/\/www.linkedin.com\/company\/cekt\/\",\"https:\/\/www.tiktok.com\/@monicacojan75\"]}]}<\/script>\n<!-- \/ Yoast SEO plugin. -->","yoast_head_json":{"title":"CEKT Blog - Comunitatea Educa\u021bional\u0103 Knowledge Tree","robots":{"index":"index","follow":"follow","max-snippet":"max-snippet:-1","max-image-preview":"max-image-preview:large","max-video-preview":"max-video-preview:-1"},"canonical":"https:\/\/cekt.ro\/en\/blog\/","og_locale":"en_US","og_type":"article","og_title":"CEKT Blog - Comunitatea Educa\u021bional\u0103 Knowledge Tree","og_description":"[vc_row unlock_row_content=&#8221;yes&#8221; row_height_percent=&#8221;100&#8243; override_padding=&#8221;yes&#8221; h_padding=&#8221;0&#8243; top_padding=&#8221;0&#8243; bottom_padding=&#8221;0&#8243; back_color=&#8221;color-wayh&#8221; overlay_alpha=&#8221;100&#8243; gutter_size=&#8221;100&#8243; column_width_percent=&#8221;100&#8243; shift_y=&#8221;0&#8243; z_index=&#8221;0&#8243; style=&#8221;inherited&#8221;][vc_column column_width_percent=&#8221;100&#8243; position_horizontal=&#8221;left&#8221; gutter_size=&#8221;3&#8243; overlay_alpha=&#8221;100&#8243; shift_x=&#8221;0&#8243; shift_y=&#8221;0&#8243; [&hellip;]","og_url":"https:\/\/cekt.ro\/en\/blog\/","og_site_name":"Comunitatea Educa\u021bional\u0103 Knowledge Tree","article_publisher":"https:\/\/www.facebook.com\/CEKTBRASOV\/","article_modified_time":"2026-04-18T17:51:05+00:00","og_image":[{"width":2560,"height":1707,"url":"https:\/\/cekt.ro\/wp-content\/uploads\/2024\/12\/DAN23909-scaled-1.jpg","type":"image\/jpeg"}],"twitter_card":"summary_large_image","twitter_misc":{"Est. reading time":"2 minutes"},"schema":{"@context":"https:\/\/schema.org","@graph":[{"@type":"WebPage","@id":"https:\/\/cekt.ro\/en\/blog\/","url":"https:\/\/cekt.ro\/en\/blog\/","name":"CEKT Blog - Comunitatea Educa\u021bional\u0103 Knowledge Tree","isPartOf":{"@id":"https:\/\/cekt.ro\/en\/#website"},"primaryImageOfPage":{"@id":"https:\/\/cekt.ro\/en\/blog\/#primaryimage"},"image":{"@id":"https:\/\/cekt.ro\/en\/blog\/#primaryimage"},"thumbnailUrl":"https:\/\/cekt.ro\/wp-content\/uploads\/2024\/12\/DAN23909-scaled-1.jpg","datePublished":"2015-09-08T15:03:56+00:00","dateModified":"2026-04-18T17:51:05+00:00","breadcrumb":{"@id":"https:\/\/cekt.ro\/en\/blog\/#breadcrumb"},"inLanguage":"en-US","potentialAction":[{"@type":"ReadAction","target":["https:\/\/cekt.ro\/en\/blog\/"]}]},{"@type":"ImageObject","inLanguage":"en-US","@id":"https:\/\/cekt.ro\/en\/blog\/#primaryimage","url":"https:\/\/cekt.ro\/wp-content\/uploads\/2024\/12\/DAN23909-scaled-1.jpg","contentUrl":"https:\/\/cekt.ro\/wp-content\/uploads\/2024\/12\/DAN23909-scaled-1.jpg","width":2560,"height":1707},{"@type":"BreadcrumbList","@id":"https:\/\/cekt.ro\/en\/blog\/#breadcrumb","itemListElement":[{"@type":"ListItem","position":1,"name":"Home","item":"https:\/\/cekt.ro\/en\/"},{"@type":"ListItem","position":2,"name":"CEKT Blog"}]},{"@type":"WebSite","@id":"https:\/\/cekt.ro\/en\/#website","url":"https:\/\/cekt.ro\/en\/","name":"Comunitatea Educa\u021bional\u0103 Knowledge Tree - \u0218coal\u0103 alternativ\u0103 cu program\u0103 britanic\u0103 \u00een Bra\u0219ov","description":"Alternativ\u0103 Educa\u021bional\u0103 Holistic\u0103","publisher":{"@id":"https:\/\/cekt.ro\/en\/#organization"},"potentialAction":[{"@type":"SearchAction","target":{"@type":"EntryPoint","urlTemplate":"https:\/\/cekt.ro\/en\/?s={search_term_string}"},"query-input":{"@type":"PropertyValueSpecification","valueRequired":true,"valueName":"search_term_string"}}],"inLanguage":"en-US"},{"@type":"Organization","@id":"https:\/\/cekt.ro\/en\/#organization","name":"Comunitatea Educa\u021bional\u0103 Knowledge Tree","url":"https:\/\/cekt.ro\/en\/","logo":{"@type":"ImageObject","inLanguage":"en-US","@id":"https:\/\/cekt.ro\/en\/#\/schema\/logo\/image\/","url":"https:\/\/cekt.ro\/wp-content\/uploads\/2025\/04\/CEKT-CLEAN.webp","contentUrl":"https:\/\/cekt.ro\/wp-content\/uploads\/2025\/04\/CEKT-CLEAN.webp","width":2446,"height":1889,"caption":"Comunitatea Educa\u021bional\u0103 Knowledge Tree"},"image":{"@id":"https:\/\/cekt.ro\/en\/#\/schema\/logo\/image\/"},"sameAs":["https:\/\/www.facebook.com\/CEKTBRASOV\/","https:\/\/www.instagram.com\/cekt_brasov","https:\/\/www.linkedin.com\/company\/cekt\/","https:\/\/www.tiktok.com\/@monicacojan75"]}]}},"_links":{"self":[{"href":"https:\/\/cekt.ro\/en\/wp-json\/wp\/v2\/pages\/146216","targetHints":{"allow":["GET"]}}],"collection":[{"href":"https:\/\/cekt.ro\/en\/wp-json\/wp\/v2\/pages"}],"about":[{"href":"https:\/\/cekt.ro\/en\/wp-json\/wp\/v2\/types\/page"}],"author":[{"embeddable":true,"href":"https:\/\/cekt.ro\/en\/wp-json\/wp\/v2\/users\/1"}],"replies":[{"embeddable":true,"href":"https:\/\/cekt.ro\/en\/wp-json\/wp\/v2\/comments?post=146216"}],"version-history":[{"count":6,"href":"https:\/\/cekt.ro\/en\/wp-json\/wp\/v2\/pages\/146216\/revisions"}],"predecessor-version":[{"id":146252,"href":"https:\/\/cekt.ro\/en\/wp-json\/wp\/v2\/pages\/146216\/revisions\/146252"}],"wp:featuredmedia":[{"embeddable":true,"href":"https:\/\/cekt.ro\/en\/wp-json\/wp\/v2\/media\/145469"}],"wp:attachment":[{"href":"https:\/\/cekt.ro\/en\/wp-json\/wp\/v2\/media?parent=146216"}],"curies":[{"name":"wp","href":"https:\/\/api.w.org\/{rel}","templated":true}]}}